{"id":4999,"date":"2023-11-15T07:31:54","date_gmt":"2023-11-15T06:31:54","guid":{"rendered":"https:\/\/umig.olkusz.pl\/?page_id=4999"},"modified":"2026-02-23T10:37:27","modified_gmt":"2026-02-23T09:37:27","slug":"ochrona-srodowiska","status":"publish","type":"page","link":"https:\/\/umig.olkusz.pl\/index.php\/ochrona-srodowiska\/","title":{"rendered":"Ochrona \u015brodowiska"},"content":{"rendered":"\t\t<div data-elementor-type=\"wp-page\" data-elementor-id=\"4999\" class=\"elementor elementor-4999\" data-elementor-post-type=\"page\">\n\t\t\t\t<div class=\"elementor-element elementor-element-c89a6fe e-flex e-con-boxed e-con e-parent\" data-id=\"c89a6fe\" data-element_type=\"container\" data-e-type=\"container\">\n\t\t\t\t\t<div class=\"e-con-inner\">\n\t\t\t\t<div class=\"elementor-element elementor-element-79d76e4 elementor-widget elementor-widget-text-editor\" data-id=\"79d76e4\" data-element_type=\"widget\" data-e-type=\"widget\" data-widget_type=\"text-editor.default\">\n\t\t\t\t<div class=\"elementor-widget-container\">\n\t\t\t\t\t\t\t\t\t<ul><li><a href=\"https:\/\/bip.malopolska.pl\/api\/files\/3347768\">Program ochrony \u015brodowiska dla Miasta i Gminy Olkusz na lata 2023-2026 i kierunkowo do 2030 roku<\/a><\/li><li><a title=\"UCHWA\u0141A NR LVIII\/638\/2023 RADY MIEJSKIEJ W OLKUSZU z dnia 14 listopada 2023 r. w sprawie uchwalenia Programu ochrony \u015brodowiska dla Miasta i Gminy Olkusz na lata 2023-2026 i kierunkowo do 2030 roku.\" href=\"https:\/\/bip.malopolska.pl\/umigolkusz,a,2383417,uchwala-nr-lviii6382023-rady-miejskiej-w-olkuszu-z-dnia-14-listopada-2023-r-w-sprawie-uchwalenia-pro.html\">UCHWA\u0141A NR LVIII\/638\/2023 RADY MIEJSKIEJ W OLKUSZU z dnia 14 listopada 2023 r. w sprawie uchwalenia Programu ochrony \u015brodowiska dla Miasta i Gminy Olkusz na lata 2023-2026 i kierunkowo do 2030 roku.<\/a><\/li><li><a href=\"https:\/\/www.umig.olkusz.pl\/index.php?option=com_content&amp;view=article&amp;id=8498:tauron-dystrybucja-przypomina-wybor-drzewa-ma-znaczenie&amp;catid=14&amp;lang=pl&amp;Itemid=167\">TAURON Dystrybucja przypomina \u2013 wyb\u00f3r drzewa ma znaczenie<\/a><\/li><li><a href=\"https:\/\/archiwum.umig.olkusz.pl\/images\/dokumenty\/2021\/Raport_z_realizacji_POS_gmina_Olkusz.pdf\" rel=\"alternate\">RAPORT Z REALIZACJI \u201ePROGRAMU OCHRONY \u015aRODOWISKA DLA MIASTA I GMINY OLKUSZ NA LATA 2019-2022 I KIERUNKOWO DO 2026\u201d \u2013 W LATACH 2019-2020<\/a><\/li><li><a href=\"https:\/\/bip.malopolska.pl\/umigolkusz,a,1694995,uchwala-nr-xii1492019-rady-miejskiej-w-olkuszu-z-dnia-26-listopada-2019-roku-w-sprawie-uchwalenia-pr.html\" rel=\"alternate\">PROGRAM OGRANICZANIA NISKIEJ EMISJI (PONE) DLA MIASTA I GMINY OLKUSZ NA LATA 2020 \u2013 2024<\/a><\/li><li><a href=\"https:\/\/archiwum.umig.olkusz.pl\/index.php?option=com_content&amp;view=article&amp;id=5549:od-17-czerwca-2017-r-nowe-zasady-wycinki-drzew&amp;catid=14&amp;Itemid=167&amp;lang=pl\" rel=\"alternate\">Nowe zasady usuwania drzew<\/a><\/li><li><a title=\"Zg\u0142oszenie zamiaru usuni\u0119cia drzew\" href=\"https:\/\/bip.malopolska.pl\/umigolkusz,a,1333328,zgloszenie-zamiaru-usuniecia-drzew.html\">Zg\u0142oszenie zamiaru usuni\u0119cia drzew<\/a><\/li><li><a title=\"Decyzja zezwalaj\u0105ca na usuni\u0119cie drzew lub krzew\u00f3w\" href=\"https:\/\/bip.malopolska.pl\/umigolkusz,a,729245,decyzja-zezwalajaca-na-usuniecie-drzew-lub-krzewow.html\">Decyzja zezwalaj\u0105ca na usuni\u0119cie drzew lub krzew\u00f3w<\/a><\/li><li><a href=\"https:\/\/archiwum.umig.olkusz.pl\/images\/dokumenty\/2016\/rpos_2014-2015-olkusz.pdf\" rel=\"alternate\">Raport z realizacji \u201eProgramu Ochrony \u015arodowiska dla Miasta i Gminy Olkusz na lata 2014-2017 i kierunkowo do 2021\u201d &#8211; w latach 2014-2015<\/a><\/li><li><a href=\"https:\/\/archiwum.umig.olkusz.pl\/images\/dokumenty\/2018\/Zalacznik_do_Uchwaly_587_2018_PGN_Olkusz_2018-1.docx\" rel=\"alternate\">Plan Gospodarki Niskoemisyjnej dla Gminy Olkusz<\/a><\/li><li><a href=\"https:\/\/archiwum.umig.olkusz.pl\/images\/dokumenty\/2021\/zgloszenie_przydomowej_oczyszczalni_2021_rodo.doc\" rel=\"alternate\">Zg\u0142oszenie instalacji przydomowej oczyszczalni \u015bciek\u00f3w, kt\u00f3rej eksploatacja nie wymaga pozwolenia na budow\u0119<\/a><\/li><li><a title=\"Otwarcie w nowym oknie\" href=\"http:\/\/krakow.rdos.gov.pl\/files\/artykuly\/14223\/rejestr2016pomnprzy.xlsx\" target=\"_blank\" rel=\"alternate noopener\">Rejestr pomnik\u00f3w przyrody w Gminie Olkusz<\/a><\/li><li><a href=\"https:\/\/umig.olkusz.pl\/wp-content\/uploads\/2026\/01\/Program-usuwania-azbestu-i-wyrobow-zawierajacych-azbest-z-terenu-Gminy-Olkusz-do-roku-2032.pdf\">Program usuwania azbestu i wyrob\u00f3w zawieraj\u0105cych azbest z terenu Gminy Olkusz do roku 2032<\/a><\/li><li><a title=\"UCHWA\u0141A Nr XI\/136\/2019 Rady Miejskiej w Olkuszu z dnia 22 pa\u017adziernika 2019 r. w sprawie uchwalenia Programu ochrony \u015brodowiska dla Miasta i Gminy Olkusz na lata 2019-2022 i kierunkowo do 2026.\" href=\"https:\/\/bip.malopolska.pl\/umigolkusz,a,1682851,uchwala-nr-xi1362019-rady-miejskiej-w-olkuszu-z-dnia-22-pazdziernika-2019-r-w-sprawie-uchwalenia-pro.html\">UCHWA\u0141A Nr XI\/136\/2019 Rady Miejskiej w Olkuszu z dnia 22 pa\u017adziernika 2019 r. w sprawie uchwalenia Programu ochrony \u015brodowiska dla Miasta i Gminy Olkusz na lata 2019-2022 i kierunkowo do 2026.<\/a><\/li><li><a href=\"http:\/\/bip.malopolska.pl\/umigolkusz\/Article\/get\/id,976864.html\">Program Ochrony \u015arodowiska dla Miasta i Gminy Olkusz na lata 2014 &#8211; 2017 i kierunkowo do 2021<\/a><\/li><li><a title=\"Otwarcie w nowym oknie\" href=\"https:\/\/archiwum.umig.olkusz.pl\/images\/dokumenty\/2013\/ochrona_srodowiska_2013\/raport_pos_olkusz.pdf\" target=\"_blank\" rel=\"noopener\">Program Ochrony \u015arodowiska dla Miasta i Gminy Olkusz na lata 2009\u20132013 i kierunkowo do 2017<\/a><\/li><li><a title=\"Otwarcie w nowym oknie\" href=\"https:\/\/archiwum.umig.olkusz.pl\/images\/dokumenty\/2013\/ochrona_srodowiska_2013\/raport_pos_olkusz.pdf\" target=\"_blank\" rel=\"noopener\">Raport z wykonania Programu Ochrony \u015arodowiska dla Miasta i Gminy Olkusz za lata 2011\u20132012<\/a><\/li><li><a title=\"Otwarcie w nowym oknie\" href=\"https:\/\/archiwum.umig.olkusz.pl\/images\/dokumenty\/och_srod\/program_gospodarki_odpadami_2009_2013.doc\" target=\"_blank\" rel=\"noopener\">Plan Gospodarki Odpadami dla Miasta i Gminy Olkusz na lata 2009-2013 i kierunkowo do 2017<\/a><\/li><li><a title=\"Otwarcie w nowym oknie\" href=\"https:\/\/archiwum.umig.olkusz.pl\/images\/dokumenty\/och_srod\/pgo_sprawozdanie_2004_2006.doc\" target=\"_blank\" rel=\"noopener\">Sprawozdanie z realizacji Planu Gospodarki Odpadami dla Miasta i Gminy Olkusz za lata 2004-2006<\/a><\/li><li><a title=\"Otwarcie w nowym oknie\" href=\"https:\/\/archiwum.umig.olkusz.pl\/images\/dokumenty\/och_srod\/pgo_sprawozdanie_2007_2008.doc\" target=\"_blank\" rel=\"noopener\">Sprawozdanie z realizacji Planu Gospodarki Odpadami dla Miasta i Gminy Olkusz za lata 2007-2008<\/a><\/li><li><a title=\"Otwarcie w nowym oknie\" href=\"https:\/\/archiwum.umig.olkusz.pl\/images\/dokumenty\/och_srod\/wosp_raport_realiz_pgo_2009_2010.pdf\" target=\"_blank\" rel=\"noopener\">Sprawozdanie z realizacji Planu Gospodarki Odpadami dla Miasta i Gminy Olkusz za lata 2009-2010<\/a><\/li><li><a title=\"Otwarcie w nowym oknie\" href=\"https:\/\/archiwum.umig.olkusz.pl\/images\/dokumenty\/och_srod\/prognoza_oddzialywania_pos_i_pgo.doc\" target=\"_blank\" rel=\"noopener\">Prognoza oddzia\u0142ywania na \u015brodowisko projekt\u00f3w Programu Ochrony \u015arodowiska i Planu Gospodarki Odpadami<\/a><\/li><li><a href=\"https:\/\/bip.malopolska.pl\/api\/files\/1856750\" rel=\"alternate\">RAPORT Z REALIZACJI PROGRAMU OCHRONY \u015aRODOWISKA W LATACH 2016 &#8211; 2017<\/a><\/li><li><a href=\"https:\/\/archiwum.umig.olkusz.pl\/images\/dokumenty\/2021\/Raport_z_PGN_Gmina_Olkusz.pdf\" rel=\"alternate\">RAPORT Z REALIZACJI \u201ePLANU GOSPODARKI NISKOEMISYJNEJ DLA GMINY OLKUSZ\u201d W LATACH 2018-2020<\/a><\/li><li><a href=\"https:\/\/archiwum.umig.olkusz.pl\/images\/dokumenty\/2023\/RPOS_Olkusz_2021_2022.pdf\" rel=\"alternate\">RAPORT Z REALIZACJI PROGRAMU OCHRONY \u015aRODOWISKA DLA MIASTA I GMINY OLKUSZ NA LATA 2019-2022 I KIERUNKOWO DO 2026 W LATACH 2021 &#8211; 2022<\/a><\/li><li><a title=\"Obwieszczenie o przyst\u0105pieniu do opracowania \u201eProgramu ochrony \u015brodowiska dla Miasta i Gminy Olkusz na lata 2023 \u2013 2026 i kierunkowo do 2030\u201d\" href=\"https:\/\/bip.malopolska.pl\/umigolkusz,a,2327894,obwieszczenie-o-przystapieniu-do-opracowania-programu-ochrony-srodowiska-dla-miasta-i-gminy-olkusz-n.html\">Obwieszczenie o przyst\u0105pieniu do opracowania \u201eProgramu ochrony \u015brodowiska dla Miasta i Gminy Olkusz na lata 2023 \u2013 2026 i kierunkowo do 2030\u201d<\/a><\/li><\/ul><hr class=\"system-pagebreak\" \/><ul><li><a title=\"UCHWA\u0141A NR XLVIII\/547\/2023 RADY MIEJSKIEJ W OLKUSZU z dnia 24 stycznia 2023 r. w sprawie zmiany uchwa\u0142y nr XXII\/268\/2020 Rady Miejskiej w Olkuszu z dnia 30 listopada 2020 roku w sprawie Regulaminu utrzymania czysto\u015bci i porz\u0105dku na terenie Miasta i Gminy Olkusz.\" href=\"https:\/\/bip.malopolska.pl\/umigolkusz,a,2228164,uchwala-nr-xlviii5472023-rady-miejskiej-w-olkuszu-z-dnia-24-stycznia-2023-r-w-sprawie-zmiany-uchwaly.html\">UCHWA\u0141A NR XLVIII\/547\/2023 RADY MIEJSKIEJ W OLKUSZU z dnia 24 stycznia 2023 r. w sprawie zmiany uchwa\u0142y nr XXII\/268\/2020 Rady Miejskiej w Olkuszu z dnia 30 listopada 2020 roku w sprawie Regulaminu utrzymania czysto\u015bci i porz\u0105dku na terenie Miasta i Gminy Olkusz.<\/a><\/li><li><a title=\"UCHWA\u0141A NR XLVIII\/548\/2023 RADY MIEJSKIEJ W OLKUSZU z dnia 24 stycznia 2023 r. w sprawie okre\u015blenia g\u00f3rnych stawek op\u0142at ponoszonych przez w\u0142a\u015bcicieli nieruchomo\u015bci, kt\u00f3rzy pozbywaj\u0105 si\u0119 z terenu nieruchomo\u015bci nieczysto\u015bci ciek\u0142ych oraz w\u0142a\u015bcicieli nieruchomo\u015bci, kt\u00f3rzy nie s\u0105 obowi\u0105zani do ponoszenia op\u0142at za gospodarowanie odpadami komunalnymi na rzecz Miasta i Gminy Olkusz.\" href=\"https:\/\/bip.malopolska.pl\/umigolkusz,a,2228190,uchwala-nr-xlviii5482023-rady-miejskiej-w-olkuszu-z-dnia-24-stycznia-2023-r-w-sprawie-okreslenia-gor.html\">UCHWA\u0141A NR XLVIII\/548\/2023 RADY MIEJSKIEJ W OLKUSZU z dnia 24 stycznia 2023 r. w sprawie okre\u015blenia g\u00f3rnych stawek op\u0142at ponoszonych przez w\u0142a\u015bcicieli nieruchomo\u015bci, kt\u00f3rzy pozbywaj\u0105 si\u0119 z terenu nieruchomo\u015bci nieczysto\u015bci ciek\u0142ych oraz w\u0142a\u015bcicieli nieruchomo\u015bci, kt\u00f3rzy nie s\u0105 obowi\u0105zani do ponoszenia op\u0142at za gospodarowanie odpadami komunalnymi na rzecz Miasta i Gminy Olkusz.<\/a><\/li><li><a title=\"UCHWA\u0141A NR XXII\/270\/2020 RADY MIEJSKIEJ W OLKUSZU z dnia 30 listopada 2020 r. w sprawie okre\u015blenia g\u00f3rnych stawek op\u0142at ponoszonych przez w\u0142a\u015bcicieli nieruchomo\u015bci, kt\u00f3rzy pozbywaj\u0105 si\u0119 z terenu nieruchomo\u015bci nieczysto\u015bci ciek\u0142ych oraz w\u0142a\u015bcicieli nieruchomo\u015bci, kt\u00f3rzy nie s\u0105 obowi\u0105zani do ponoszenia op\u0142at za gospodarowanie odpadami komunalnymi na rzecz Miasta i Gminy Olkusz.\" href=\"https:\/\/bip.malopolska.pl\/umigolkusz,a,1858379,uchwala-nr-xxii2702020-rady-miejskiej-w-olkuszu-z-dnia-30-listopada-2020-r-w-sprawie-okreslenia-gorn.html\">UCHWA\u0141A NR XXII\/270\/2020 RADY MIEJSKIEJ W OLKUSZU z dnia 30 listopada 2020 r. w sprawie okre\u015blenia g\u00f3rnych stawek op\u0142at ponoszonych przez w\u0142a\u015bcicieli nieruchomo\u015bci, kt\u00f3rzy pozbywaj\u0105 si\u0119 z terenu nieruchomo\u015bci nieczysto\u015bci ciek\u0142ych oraz w\u0142a\u015bcicieli nieruchomo\u015bci, kt\u00f3rzy nie s\u0105 obowi\u0105zani do ponoszenia op\u0142at za gospodarowanie odpadami komunalnymi na rzecz Miasta i Gminy Olkusz.<\/a><\/li><li><a title=\"Otwarcie w nowym oknie\" href=\"https:\/\/archiwum.umig.olkusz.pl\/images\/BEATA\/uchwala_2020.pdf\" target=\"_blank\" rel=\"alternate noopener\">Uchwa\u0142a Rady Miejskiej w Olkuszu w sprawie: wymaga\u0144, jakie powinien spe\u0142nia\u0107 przedsi\u0119biorca ubiegaj\u0105cy si\u0119 o uzyskanie zezwolenia w zakresie opr\u00f3\u017cniania zbiornik\u00f3w bezodp\u0142ywowych i transportu nieczysto\u015bci ciek\u0142ych na terenie Miasta i Gminy Olkusz.<\/a><\/li><\/ul><hr class=\"system-pagebreak\" \/><ul><li><a title=\"Otwarcie w nowym oknie\" href=\"https:\/\/archiwum.umig.olkusz.pl\/images\/dokumenty\/och_srod\/gminny_program_usuwania_wyrobow_zawierajacych_azbest.doc\" target=\"_blank\" rel=\"noopener\">Gminny program usuwania wyrob\u00f3w zawieraj\u0105cych azbest.<\/a><\/li><li><a title=\"Otwarcie w nowym oknie\" href=\"https:\/\/archiwum.umig.olkusz.pl\/images\/dokumenty\/2018\/WNIOSEK-AZBEST.doc\" target=\"_blank\" rel=\"alternate noopener\">Wniosek o nieodp\u0142atny odbi\u00f3r odpad\u00f3w zawieraj\u0105cych azbest.<\/a><\/li><li><a title=\"Otwarcie w nowym oknie\" href=\"http:\/\/bip.malopolska.pl\/umigolkusz,a,729245,decyzja-zezwalajaca-na-usuniecie-drzew-lub-krzewow.html\" target=\"_blank\" rel=\"alternate noopener\">Wniosek o zezwolenie na usuniecie drzew lub krzew\u00f3w.<\/a><\/li><li><a href=\"https:\/\/archiwum.umig.olkusz.pl\/images\/dokumenty\/poradnik_mieszkanca\/wositr\/usuniecie_drzew_krzewow_wniosek_oswiadczenie_prawa_wlasnosci.doc\">O\u015bwiadczenie o posiadanym prawie w\u0142asno\u015bci urz\u0105dze\u0144, o kt\u00f3rych mowa w art. 49 \u00a7 1 Kodeksu cywilnego<\/a><\/li><li><a href=\"https:\/\/archiwum.umig.olkusz.pl\/images\/dokumenty\/poradnik_mieszkanca\/wositr\/usuniecie_drzew_krzewow_oswiadczenie_o_udzieleniu_informacji.doc\">O\u015bwiadczenie o udost\u0119pnieniu informacji o zamiarze z\u0142o\u017cenia wniosku o wydanie zezwolenia na usuni\u0119cie drzewa lub krzewu przez Sp\u00f3\u0142dzielni\u0119 Mieszkaniow\u0105<\/a><\/li><\/ul><hr class=\"system-pagebreak\" \/><ul><li style=\"list-style-type: none;\"><ul><li><a href=\"http:\/\/bip.malopolska.pl\/umigolkusz,a,729243,decyzja-o-srodowiskowych-uwarunkowaniach-realizacji-przedsiewziecia.html\" rel=\"alternate\">Decyzje o \u015brodowiskowych uwarunkowaniach inwestycji<\/a><\/li><li><a href=\"https:\/\/umig.olkusz.pl\/index.php\/czystsze-powietrze\/\">Czystsze powietrze<\/a><\/li><li><a href=\"https:\/\/umig.olkusz.pl\/wp-content\/uploads\/2025\/01\/RODO.docx\">za\u0142. &#8211; O\u015bwiadczenie RODO Wnioskodawcy<\/a><\/li><li><a href=\"https:\/\/umig.olkusz.pl\/wp-content\/uploads\/2026\/02\/oswiadczenie-dotacja-2026.docx\">O\u015bwiadczenie dot. dotacji<\/a><\/li><li><a href=\"https:\/\/umig.olkusz.pl\/wp-content\/uploads\/2026\/02\/oswiadczenie-wspolwlasciciela-2026.docx\">O\u015bwiadczenie wsp\u00f3\u0142w\u0142a\u015bciciela<\/a><\/li><li><a href=\"https:\/\/umig.olkusz.pl\/wp-content\/uploads\/2026\/02\/wniosek-o-udzielenie-dotacji-2026.docx\">Wniosek o udzielenie dotacji<\/a><\/li><li><a href=\"https:\/\/umig.olkusz.pl\/wp-content\/uploads\/2026\/02\/wniosek-o-rozliczenie-dotacji-2026.docx\">Wniosek o rozliczenie dotacji<\/a><\/li><\/ul><\/li><\/ul>\t\t\t\t\t\t\t\t<\/div>\n\t\t\t\t<\/div>\n\t\t\t\t\t<\/div>\n\t\t\t\t<\/div>\n\t\t\t\t<\/div>\n\t\t","protected":false},"excerpt":{"rendered":"<p>Program ochrony \u015brodowiska dla Miasta i Gminy Olkusz na lata 2023-2026 i kierunkowo do 2030 roku UCHWA\u0141A NR LVIII\/638\/2023 RADY MIEJSKIEJ W OLKUSZU z dnia 14 listopada 2023 r. w sprawie uchwalenia Programu ochrony \u015brodowiska dla Miasta i Gminy Olkusz na lata 2023-2026 i kierunkowo do 2030 roku. TAURON Dystrybucja przypomina \u2013 wyb\u00f3r drzewa ma [&hellip;]<\/p>\n","protected":false},"author":3,"featured_media":0,"parent":0,"menu_order":0,"comment_status":"closed","ping_status":"closed","template":"","meta":{"ngg_post_thumbnail":0,"footnotes":""},"class_list":["post-4999","page","type-page","status-publish","hentry"],"yoast_head":"<!-- This site is optimized with the Yoast SEO plugin v27.2 - https:\/\/yoast.com\/product\/yoast-seo-wordpress\/ -->\n<title>Ochrona \u015brodowiska - Urz\u0105d Miasta i Gminy w Olkuszu<\/title>\n<meta name=\"robots\" content=\"index, follow, max-snippet:-1, max-image-preview:large, max-video-preview:-1\" \/>\n<link rel=\"canonical\" href=\"https:\/\/umig.olkusz.pl\/index.php\/ochrona-srodowiska\/\" \/>\n<meta property=\"og:locale\" content=\"pl_PL\" \/>\n<meta property=\"og:type\" content=\"article\" \/>\n<meta property=\"og:title\" content=\"Ochrona \u015brodowiska - Urz\u0105d Miasta i Gminy w Olkuszu\" \/>\n<meta property=\"og:description\" content=\"Program ochrony \u015brodowiska dla Miasta i Gminy Olkusz na lata 2023-2026 i kierunkowo do 2030 roku UCHWA\u0141A NR LVIII\/638\/2023 RADY MIEJSKIEJ W OLKUSZU z dnia 14 listopada 2023 r. w sprawie uchwalenia Programu ochrony \u015brodowiska dla Miasta i Gminy Olkusz na lata 2023-2026 i kierunkowo do 2030 roku. TAURON Dystrybucja przypomina \u2013 wyb\u00f3r drzewa ma [&hellip;]\" \/>\n<meta property=\"og:url\" content=\"https:\/\/umig.olkusz.pl\/index.php\/ochrona-srodowiska\/\" \/>\n<meta property=\"og:site_name\" content=\"Urz\u0105d Miasta i Gminy w Olkuszu\" \/>\n<meta property=\"article:publisher\" content=\"https:\/\/www.facebook.com\/olkuszsrebrnemiasto\" \/>\n<meta property=\"article:modified_time\" content=\"2026-02-23T09:37:27+00:00\" \/>\n<meta name=\"twitter:card\" content=\"summary_large_image\" \/>\n<meta name=\"twitter:label1\" content=\"Szacowany czas czytania\" \/>\n\t<meta name=\"twitter:data1\" content=\"4 minuty\" \/>\n<script type=\"application\/ld+json\" class=\"yoast-schema-graph\">{\"@context\":\"https:\/\/schema.org\",\"@graph\":[{\"@type\":\"WebPage\",\"@id\":\"https:\/\/umig.olkusz.pl\/index.php\/ochrona-srodowiska\/\",\"url\":\"https:\/\/umig.olkusz.pl\/index.php\/ochrona-srodowiska\/\",\"name\":\"Ochrona \u015brodowiska - Urz\u0105d Miasta i Gminy w Olkuszu\",\"isPartOf\":{\"@id\":\"https:\/\/umig.olkusz.pl\/#website\"},\"datePublished\":\"2023-11-15T06:31:54+00:00\",\"dateModified\":\"2026-02-23T09:37:27+00:00\",\"breadcrumb\":{\"@id\":\"https:\/\/umig.olkusz.pl\/index.php\/ochrona-srodowiska\/#breadcrumb\"},\"inLanguage\":\"pl-PL\",\"potentialAction\":[{\"@type\":\"ReadAction\",\"target\":[\"https:\/\/umig.olkusz.pl\/index.php\/ochrona-srodowiska\/\"]}]},{\"@type\":\"BreadcrumbList\",\"@id\":\"https:\/\/umig.olkusz.pl\/index.php\/ochrona-srodowiska\/#breadcrumb\",\"itemListElement\":[{\"@type\":\"ListItem\",\"position\":1,\"name\":\"Strona g\u0142\u00f3wna\",\"item\":\"https:\/\/umig.olkusz.pl\/\"},{\"@type\":\"ListItem\",\"position\":2,\"name\":\"Ochrona \u015brodowiska\"}]},{\"@type\":\"WebSite\",\"@id\":\"https:\/\/umig.olkusz.pl\/#website\",\"url\":\"https:\/\/umig.olkusz.pl\/\",\"name\":\"Urz\u0105d Miasta i Gminy w Olkuszu\",\"description\":\"Urz\u0105d Miasta i Gminy w Olkuszu\",\"publisher\":{\"@id\":\"https:\/\/umig.olkusz.pl\/#organization\"},\"potentialAction\":[{\"@type\":\"SearchAction\",\"target\":{\"@type\":\"EntryPoint\",\"urlTemplate\":\"https:\/\/umig.olkusz.pl\/?s={search_term_string}\"},\"query-input\":{\"@type\":\"PropertyValueSpecification\",\"valueRequired\":true,\"valueName\":\"search_term_string\"}}],\"inLanguage\":\"pl-PL\"},{\"@type\":\"Organization\",\"@id\":\"https:\/\/umig.olkusz.pl\/#organization\",\"name\":\"Urz\u0105d Miasta i Gminy w Olkuszu\",\"url\":\"https:\/\/umig.olkusz.pl\/\",\"logo\":{\"@type\":\"ImageObject\",\"inLanguage\":\"pl-PL\",\"@id\":\"https:\/\/umig.olkusz.pl\/#\/schema\/logo\/image\/\",\"url\":\"https:\/\/umig.olkusz.pl\/wp-content\/uploads\/2023\/03\/herb_strona.jpg\",\"contentUrl\":\"https:\/\/umig.olkusz.pl\/wp-content\/uploads\/2023\/03\/herb_strona.jpg\",\"width\":614,\"height\":658,\"caption\":\"Urz\u0105d Miasta i Gminy w Olkuszu\"},\"image\":{\"@id\":\"https:\/\/umig.olkusz.pl\/#\/schema\/logo\/image\/\"},\"sameAs\":[\"https:\/\/www.facebook.com\/olkuszsrebrnemiasto\"]}]}<\/script>\n<!-- \/ Yoast SEO plugin. -->","yoast_head_json":{"title":"Ochrona \u015brodowiska - Urz\u0105d Miasta i Gminy w Olkuszu","robots":{"index":"index","follow":"follow","max-snippet":"max-snippet:-1","max-image-preview":"max-image-preview:large","max-video-preview":"max-video-preview:-1"},"canonical":"https:\/\/umig.olkusz.pl\/index.php\/ochrona-srodowiska\/","og_locale":"pl_PL","og_type":"article","og_title":"Ochrona \u015brodowiska - Urz\u0105d Miasta i Gminy w Olkuszu","og_description":"Program ochrony \u015brodowiska dla Miasta i Gminy Olkusz na lata 2023-2026 i kierunkowo do 2030 roku UCHWA\u0141A NR LVIII\/638\/2023 RADY MIEJSKIEJ W OLKUSZU z dnia 14 listopada 2023 r. w sprawie uchwalenia Programu ochrony \u015brodowiska dla Miasta i Gminy Olkusz na lata 2023-2026 i kierunkowo do 2030 roku. TAURON Dystrybucja przypomina \u2013 wyb\u00f3r drzewa ma [&hellip;]","og_url":"https:\/\/umig.olkusz.pl\/index.php\/ochrona-srodowiska\/","og_site_name":"Urz\u0105d Miasta i Gminy w Olkuszu","article_publisher":"https:\/\/www.facebook.com\/olkuszsrebrnemiasto","article_modified_time":"2026-02-23T09:37:27+00:00","twitter_card":"summary_large_image","twitter_misc":{"Szacowany czas czytania":"4 minuty"},"schema":{"@context":"https:\/\/schema.org","@graph":[{"@type":"WebPage","@id":"https:\/\/umig.olkusz.pl\/index.php\/ochrona-srodowiska\/","url":"https:\/\/umig.olkusz.pl\/index.php\/ochrona-srodowiska\/","name":"Ochrona \u015brodowiska - Urz\u0105d Miasta i Gminy w Olkuszu","isPartOf":{"@id":"https:\/\/umig.olkusz.pl\/#website"},"datePublished":"2023-11-15T06:31:54+00:00","dateModified":"2026-02-23T09:37:27+00:00","breadcrumb":{"@id":"https:\/\/umig.olkusz.pl\/index.php\/ochrona-srodowiska\/#breadcrumb"},"inLanguage":"pl-PL","potentialAction":[{"@type":"ReadAction","target":["https:\/\/umig.olkusz.pl\/index.php\/ochrona-srodowiska\/"]}]},{"@type":"BreadcrumbList","@id":"https:\/\/umig.olkusz.pl\/index.php\/ochrona-srodowiska\/#breadcrumb","itemListElement":[{"@type":"ListItem","position":1,"name":"Strona g\u0142\u00f3wna","item":"https:\/\/umig.olkusz.pl\/"},{"@type":"ListItem","position":2,"name":"Ochrona \u015brodowiska"}]},{"@type":"WebSite","@id":"https:\/\/umig.olkusz.pl\/#website","url":"https:\/\/umig.olkusz.pl\/","name":"Urz\u0105d Miasta i Gminy w Olkuszu","description":"Urz\u0105d Miasta i Gminy w Olkuszu","publisher":{"@id":"https:\/\/umig.olkusz.pl\/#organization"},"potentialAction":[{"@type":"SearchAction","target":{"@type":"EntryPoint","urlTemplate":"https:\/\/umig.olkusz.pl\/?s={search_term_string}"},"query-input":{"@type":"PropertyValueSpecification","valueRequired":true,"valueName":"search_term_string"}}],"inLanguage":"pl-PL"},{"@type":"Organization","@id":"https:\/\/umig.olkusz.pl\/#organization","name":"Urz\u0105d Miasta i Gminy w Olkuszu","url":"https:\/\/umig.olkusz.pl\/","logo":{"@type":"ImageObject","inLanguage":"pl-PL","@id":"https:\/\/umig.olkusz.pl\/#\/schema\/logo\/image\/","url":"https:\/\/umig.olkusz.pl\/wp-content\/uploads\/2023\/03\/herb_strona.jpg","contentUrl":"https:\/\/umig.olkusz.pl\/wp-content\/uploads\/2023\/03\/herb_strona.jpg","width":614,"height":658,"caption":"Urz\u0105d Miasta i Gminy w Olkuszu"},"image":{"@id":"https:\/\/umig.olkusz.pl\/#\/schema\/logo\/image\/"},"sameAs":["https:\/\/www.facebook.com\/olkuszsrebrnemiasto"]}]}},"_links":{"self":[{"href":"https:\/\/umig.olkusz.pl\/index.php\/wp-json\/wp\/v2\/pages\/4999","targetHints":{"allow":["GET"]}}],"collection":[{"href":"https:\/\/umig.olkusz.pl\/index.php\/wp-json\/wp\/v2\/pages"}],"about":[{"href":"https:\/\/umig.olkusz.pl\/index.php\/wp-json\/wp\/v2\/types\/page"}],"author":[{"embeddable":true,"href":"https:\/\/umig.olkusz.pl\/index.php\/wp-json\/wp\/v2\/users\/3"}],"replies":[{"embeddable":true,"href":"https:\/\/umig.olkusz.pl\/index.php\/wp-json\/wp\/v2\/comments?post=4999"}],"version-history":[{"count":58,"href":"https:\/\/umig.olkusz.pl\/index.php\/wp-json\/wp\/v2\/pages\/4999\/revisions"}],"predecessor-version":[{"id":13496,"href":"https:\/\/umig.olkusz.pl\/index.php\/wp-json\/wp\/v2\/pages\/4999\/revisions\/13496"}],"wp:attachment":[{"href":"https:\/\/umig.olkusz.pl\/index.php\/wp-json\/wp\/v2\/media?parent=4999"}],"curies":[{"name":"wp","href":"https:\/\/api.w.org\/{rel}","templated":true}]}}