{"id":4814,"date":"2023-11-07T14:38:41","date_gmt":"2023-11-07T13:38:41","guid":{"rendered":"https:\/\/nowa.umig.olkusz.pl\/?page_id=4814"},"modified":"2025-11-05T08:21:06","modified_gmt":"2025-11-05T07:21:06","slug":"zamowienia-publiczne","status":"publish","type":"page","link":"https:\/\/umig.olkusz.pl\/index.php\/zamowienia-publiczne\/","title":{"rendered":"Zam\u00f3wienia publiczne"},"content":{"rendered":"\t\t<div data-elementor-type=\"wp-page\" data-elementor-id=\"4814\" class=\"elementor elementor-4814\" data-elementor-post-type=\"page\">\n\t\t\t\t<div class=\"elementor-element elementor-element-fccf030 e-flex e-con-boxed e-con e-parent\" data-id=\"fccf030\" data-element_type=\"container\" data-e-type=\"container\">\n\t\t\t\t\t<div class=\"e-con-inner\">\n\t\t\t\t<div class=\"elementor-element elementor-element-b94c3fc elementor-widget elementor-widget-text-editor\" data-id=\"b94c3fc\" data-element_type=\"widget\" data-e-type=\"widget\" data-widget_type=\"text-editor.default\">\n\t\t\t\t<div class=\"elementor-widget-container\">\n\t\t\t\t\t\t\t\t\t<ul><li><a href=\"https:\/\/bip.malopolska.pl\/umigolkusz,a,2602435,rejestr-umow-rok-2025.html\">Rejestr um\u00f3w<\/a><\/li><li><a href=\"https:\/\/bip.malopolska.pl\/umigolkusz,a,2599639,2025.html\">Plan zam\u00f3wie\u0144 na 2025 rok<\/a><\/li><li><a href=\"https:\/\/platformazakupowa.pl\/pn\/olkusz\">Platforma zakupowa<\/a><\/li><\/ul>\t\t\t\t\t\t\t\t<\/div>\n\t\t\t\t<\/div>\n\t\t\t\t\t<\/div>\n\t\t\t\t<\/div>\n\t\t\t\t<\/div>\n\t\t","protected":false},"excerpt":{"rendered":"<p>Rejestr um\u00f3w Plan zam\u00f3wie\u0144 na 2025 rok Platforma zakupowa<\/p>\n","protected":false},"author":3,"featured_media":0,"parent":0,"menu_order":0,"comment_status":"closed","ping_status":"closed","template":"","meta":{"ngg_post_thumbnail":0,"footnotes":""},"class_list":["post-4814","page","type-page","status-publish","hentry"],"yoast_head":"<!-- This site is optimized with the Yoast SEO plugin v27.2 - https:\/\/yoast.com\/product\/yoast-seo-wordpress\/ -->\n<title>Zam\u00f3wienia publiczne - Urz\u0105d Miasta i Gminy w Olkuszu<\/title>\n<meta name=\"robots\" content=\"index, follow, max-snippet:-1, max-image-preview:large, max-video-preview:-1\" \/>\n<link rel=\"canonical\" href=\"https:\/\/umig.olkusz.pl\/index.php\/zamowienia-publiczne\/\" \/>\n<meta property=\"og:locale\" content=\"pl_PL\" \/>\n<meta property=\"og:type\" content=\"article\" \/>\n<meta property=\"og:title\" content=\"Zam\u00f3wienia publiczne - Urz\u0105d Miasta i Gminy w Olkuszu\" \/>\n<meta property=\"og:description\" content=\"Rejestr um\u00f3w Plan zam\u00f3wie\u0144 na 2025 rok Platforma zakupowa\" \/>\n<meta property=\"og:url\" content=\"https:\/\/umig.olkusz.pl\/index.php\/zamowienia-publiczne\/\" \/>\n<meta property=\"og:site_name\" content=\"Urz\u0105d Miasta i Gminy w Olkuszu\" \/>\n<meta property=\"article:publisher\" content=\"https:\/\/www.facebook.com\/olkuszsrebrnemiasto\" \/>\n<meta property=\"article:modified_time\" content=\"2025-11-05T07:21:06+00:00\" \/>\n<meta name=\"twitter:card\" content=\"summary_large_image\" \/>\n<meta name=\"twitter:label1\" content=\"Szacowany czas czytania\" \/>\n\t<meta name=\"twitter:data1\" content=\"1 minuta\" \/>\n<script type=\"application\/ld+json\" class=\"yoast-schema-graph\">{\"@context\":\"https:\/\/schema.org\",\"@graph\":[{\"@type\":\"WebPage\",\"@id\":\"https:\/\/umig.olkusz.pl\/index.php\/zamowienia-publiczne\/\",\"url\":\"https:\/\/umig.olkusz.pl\/index.php\/zamowienia-publiczne\/\",\"name\":\"Zam\u00f3wienia publiczne - Urz\u0105d Miasta i Gminy w Olkuszu\",\"isPartOf\":{\"@id\":\"https:\/\/umig.olkusz.pl\/#website\"},\"datePublished\":\"2023-11-07T13:38:41+00:00\",\"dateModified\":\"2025-11-05T07:21:06+00:00\",\"breadcrumb\":{\"@id\":\"https:\/\/umig.olkusz.pl\/index.php\/zamowienia-publiczne\/#breadcrumb\"},\"inLanguage\":\"pl-PL\",\"potentialAction\":[{\"@type\":\"ReadAction\",\"target\":[\"https:\/\/umig.olkusz.pl\/index.php\/zamowienia-publiczne\/\"]}]},{\"@type\":\"BreadcrumbList\",\"@id\":\"https:\/\/umig.olkusz.pl\/index.php\/zamowienia-publiczne\/#breadcrumb\",\"itemListElement\":[{\"@type\":\"ListItem\",\"position\":1,\"name\":\"Strona g\u0142\u00f3wna\",\"item\":\"https:\/\/umig.olkusz.pl\/\"},{\"@type\":\"ListItem\",\"position\":2,\"name\":\"Zam\u00f3wienia publiczne\"}]},{\"@type\":\"WebSite\",\"@id\":\"https:\/\/umig.olkusz.pl\/#website\",\"url\":\"https:\/\/umig.olkusz.pl\/\",\"name\":\"Urz\u0105d Miasta i Gminy w Olkuszu\",\"description\":\"Urz\u0105d Miasta i Gminy w Olkuszu\",\"publisher\":{\"@id\":\"https:\/\/umig.olkusz.pl\/#organization\"},\"potentialAction\":[{\"@type\":\"SearchAction\",\"target\":{\"@type\":\"EntryPoint\",\"urlTemplate\":\"https:\/\/umig.olkusz.pl\/?s={search_term_string}\"},\"query-input\":{\"@type\":\"PropertyValueSpecification\",\"valueRequired\":true,\"valueName\":\"search_term_string\"}}],\"inLanguage\":\"pl-PL\"},{\"@type\":\"Organization\",\"@id\":\"https:\/\/umig.olkusz.pl\/#organization\",\"name\":\"Urz\u0105d Miasta i Gminy w Olkuszu\",\"url\":\"https:\/\/umig.olkusz.pl\/\",\"logo\":{\"@type\":\"ImageObject\",\"inLanguage\":\"pl-PL\",\"@id\":\"https:\/\/umig.olkusz.pl\/#\/schema\/logo\/image\/\",\"url\":\"https:\/\/umig.olkusz.pl\/wp-content\/uploads\/2023\/03\/herb_strona.jpg\",\"contentUrl\":\"https:\/\/umig.olkusz.pl\/wp-content\/uploads\/2023\/03\/herb_strona.jpg\",\"width\":614,\"height\":658,\"caption\":\"Urz\u0105d Miasta i Gminy w Olkuszu\"},\"image\":{\"@id\":\"https:\/\/umig.olkusz.pl\/#\/schema\/logo\/image\/\"},\"sameAs\":[\"https:\/\/www.facebook.com\/olkuszsrebrnemiasto\"]}]}<\/script>\n<!-- \/ Yoast SEO plugin. -->","yoast_head_json":{"title":"Zam\u00f3wienia publiczne - Urz\u0105d Miasta i Gminy w Olkuszu","robots":{"index":"index","follow":"follow","max-snippet":"max-snippet:-1","max-image-preview":"max-image-preview:large","max-video-preview":"max-video-preview:-1"},"canonical":"https:\/\/umig.olkusz.pl\/index.php\/zamowienia-publiczne\/","og_locale":"pl_PL","og_type":"article","og_title":"Zam\u00f3wienia publiczne - Urz\u0105d Miasta i Gminy w Olkuszu","og_description":"Rejestr um\u00f3w Plan zam\u00f3wie\u0144 na 2025 rok Platforma zakupowa","og_url":"https:\/\/umig.olkusz.pl\/index.php\/zamowienia-publiczne\/","og_site_name":"Urz\u0105d Miasta i Gminy w Olkuszu","article_publisher":"https:\/\/www.facebook.com\/olkuszsrebrnemiasto","article_modified_time":"2025-11-05T07:21:06+00:00","twitter_card":"summary_large_image","twitter_misc":{"Szacowany czas czytania":"1 minuta"},"schema":{"@context":"https:\/\/schema.org","@graph":[{"@type":"WebPage","@id":"https:\/\/umig.olkusz.pl\/index.php\/zamowienia-publiczne\/","url":"https:\/\/umig.olkusz.pl\/index.php\/zamowienia-publiczne\/","name":"Zam\u00f3wienia publiczne - Urz\u0105d Miasta i Gminy w Olkuszu","isPartOf":{"@id":"https:\/\/umig.olkusz.pl\/#website"},"datePublished":"2023-11-07T13:38:41+00:00","dateModified":"2025-11-05T07:21:06+00:00","breadcrumb":{"@id":"https:\/\/umig.olkusz.pl\/index.php\/zamowienia-publiczne\/#breadcrumb"},"inLanguage":"pl-PL","potentialAction":[{"@type":"ReadAction","target":["https:\/\/umig.olkusz.pl\/index.php\/zamowienia-publiczne\/"]}]},{"@type":"BreadcrumbList","@id":"https:\/\/umig.olkusz.pl\/index.php\/zamowienia-publiczne\/#breadcrumb","itemListElement":[{"@type":"ListItem","position":1,"name":"Strona g\u0142\u00f3wna","item":"https:\/\/umig.olkusz.pl\/"},{"@type":"ListItem","position":2,"name":"Zam\u00f3wienia publiczne"}]},{"@type":"WebSite","@id":"https:\/\/umig.olkusz.pl\/#website","url":"https:\/\/umig.olkusz.pl\/","name":"Urz\u0105d Miasta i Gminy w Olkuszu","description":"Urz\u0105d Miasta i Gminy w Olkuszu","publisher":{"@id":"https:\/\/umig.olkusz.pl\/#organization"},"potentialAction":[{"@type":"SearchAction","target":{"@type":"EntryPoint","urlTemplate":"https:\/\/umig.olkusz.pl\/?s={search_term_string}"},"query-input":{"@type":"PropertyValueSpecification","valueRequired":true,"valueName":"search_term_string"}}],"inLanguage":"pl-PL"},{"@type":"Organization","@id":"https:\/\/umig.olkusz.pl\/#organization","name":"Urz\u0105d Miasta i Gminy w Olkuszu","url":"https:\/\/umig.olkusz.pl\/","logo":{"@type":"ImageObject","inLanguage":"pl-PL","@id":"https:\/\/umig.olkusz.pl\/#\/schema\/logo\/image\/","url":"https:\/\/umig.olkusz.pl\/wp-content\/uploads\/2023\/03\/herb_strona.jpg","contentUrl":"https:\/\/umig.olkusz.pl\/wp-content\/uploads\/2023\/03\/herb_strona.jpg","width":614,"height":658,"caption":"Urz\u0105d Miasta i Gminy w Olkuszu"},"image":{"@id":"https:\/\/umig.olkusz.pl\/#\/schema\/logo\/image\/"},"sameAs":["https:\/\/www.facebook.com\/olkuszsrebrnemiasto"]}]}},"_links":{"self":[{"href":"https:\/\/umig.olkusz.pl\/index.php\/wp-json\/wp\/v2\/pages\/4814","targetHints":{"allow":["GET"]}}],"collection":[{"href":"https:\/\/umig.olkusz.pl\/index.php\/wp-json\/wp\/v2\/pages"}],"about":[{"href":"https:\/\/umig.olkusz.pl\/index.php\/wp-json\/wp\/v2\/types\/page"}],"author":[{"embeddable":true,"href":"https:\/\/umig.olkusz.pl\/index.php\/wp-json\/wp\/v2\/users\/3"}],"replies":[{"embeddable":true,"href":"https:\/\/umig.olkusz.pl\/index.php\/wp-json\/wp\/v2\/comments?post=4814"}],"version-history":[{"count":28,"href":"https:\/\/umig.olkusz.pl\/index.php\/wp-json\/wp\/v2\/pages\/4814\/revisions"}],"predecessor-version":[{"id":12621,"href":"https:\/\/umig.olkusz.pl\/index.php\/wp-json\/wp\/v2\/pages\/4814\/revisions\/12621"}],"wp:attachment":[{"href":"https:\/\/umig.olkusz.pl\/index.php\/wp-json\/wp\/v2\/media?parent=4814"}],"curies":[{"name":"wp","href":"https:\/\/api.w.org\/{rel}","templated":true}]}}