{"id":4742,"date":"2023-11-07T13:32:52","date_gmt":"2023-11-07T12:32:52","guid":{"rendered":"https:\/\/nowa.umig.olkusz.pl\/?page_id=4742"},"modified":"2023-11-07T13:34:17","modified_gmt":"2023-11-07T12:34:17","slug":"bazylika-sw-andrzeja","status":"publish","type":"page","link":"https:\/\/umig.olkusz.pl\/index.php\/bazylika-sw-andrzeja\/","title":{"rendered":"Bazylika \u015bw. Andrzeja"},"content":{"rendered":"\t\t<div data-elementor-type=\"wp-page\" data-elementor-id=\"4742\" class=\"elementor elementor-4742\" data-elementor-post-type=\"page\">\n\t\t\t\t<div class=\"elementor-element elementor-element-55a59b67 e-flex e-con-boxed e-con e-parent\" data-id=\"55a59b67\" data-element_type=\"container\" data-e-type=\"container\">\n\t\t\t\t\t<div class=\"e-con-inner\">\n\t\t\t\t<div class=\"elementor-element elementor-element-6997ef4f elementor-widget elementor-widget-heading\" data-id=\"6997ef4f\" data-element_type=\"widget\" data-e-type=\"widget\" data-widget_type=\"heading.default\">\n\t\t\t\t<div class=\"elementor-widget-container\">\n\t\t\t\t\t<h2 class=\"elementor-heading-title elementor-size-default\"><div style=\"font-family: Tahoma, Geneva, Verdana, sans-serif;font-size: 14px\"><h2 style=\"margin: 0px 0px 10px;font-family: Tahoma, Geneva, Verdana, sans-serif;font-weight: 700;line-height: 1.1;font-size: 26px\">Bazylika Mniejsza \u015bw. Andrzeja Aposto\u0142a w Olkuszu<\/h2><\/div><\/h2>\t\t\t\t<\/div>\n\t\t\t\t<\/div>\n\t\t\t\t\t<\/div>\n\t\t\t\t<\/div>\n\t\t<div class=\"elementor-element elementor-element-2b6dfbf5 e-flex e-con-boxed e-con e-parent\" data-id=\"2b6dfbf5\" data-element_type=\"container\" data-e-type=\"container\">\n\t\t\t\t\t<div class=\"e-con-inner\">\n\t\t<div class=\"elementor-element elementor-element-7d078443 e-flex e-con-boxed e-con e-child\" data-id=\"7d078443\" data-element_type=\"container\" data-e-type=\"container\">\n\t\t\t\t\t<div class=\"e-con-inner\">\n\t\t<div class=\"elementor-element elementor-element-51d15c81 e-con-full e-flex e-con e-child\" data-id=\"51d15c81\" data-element_type=\"container\" data-e-type=\"container\">\n\t\t\t\t<div class=\"elementor-element elementor-element-3bc7607d elementor-widget elementor-widget-text-editor\" data-id=\"3bc7607d\" data-element_type=\"widget\" data-e-type=\"widget\" data-widget_type=\"text-editor.default\">\n\t\t\t\t<div class=\"elementor-widget-container\">\n\t\t\t\t\t\t\t\t\t<p>Strzelista gotycka \u015bwi\u0105tynia powsta\u0142a na prze\u0142omie XIII i XIV wieku. Najstarsza cz\u0119\u015b\u0107 ko\u015bcio\u0142a stanowi obecnie prezbiterium. Ko\u015bci\u00f3\u0142 zosta\u0142 rozbudowany w czasach kr\u00f3la Kazimierza Wielkiego. Wtedy powsta\u0142y trzy, r\u00f3wnej wysoko\u015bci nawy wsparte na pot\u0119\u017cnych o\u015bmiobocznych filarach i zwie\u0144czone krzy\u017cowo \u2013 \u017cebrowym sklepieniem. Jeszcze w XV wieku do po\u0142udniowej \u015bciany ko\u015bcio\u0142a dobudowano kaplic\u0119 \u015bw. Anny. W 1620 roku powsta\u0142a renesansowa kaplica Loreta\u0144ska zwana te\u017c Amendzi\u0144sk\u0105, od nazwiska fundatora, czyli Stanis\u0142awa Amendy, bogatego olkuskiego gwarka.<\/p><p>Jest ona wzorowana na s\u0142ynnej kaplicy Zygmuntowskiej na Wawelu. Wtedy te\u017c dobudowano du\u017c\u0105 i ma\u0142\u0105 krucht\u0119, czyli przedsionki ko\u015bcio\u0142a. Pod koniec XVIII wieku obok ko\u015bcio\u0142a wybudowano kaplic\u0119 \u015bw. Jana Kantego, a w 1913 roku wzniesiono wysok\u0105, neogotyck\u0105 dzwonnic\u0119. Najcenniejszym zabytkiem olkuskiej \u015bwi\u0105tyni jest gotycki poliptyk z ko\u0144ca XV wieku, jeden z czterech takich o\u0142tarzy w Polsce. W skrzyd\u0142ach o\u0142tarza znajduje si\u0119 16 obraz\u00f3w przedstawiaj\u0105cych sceny z \u017cycia Matki Boskiej, \u015bw. Anny i Zbawiciela. Autorem obraz\u00f3w byli Jan Wielki, znany malarz krakowski, wsp\u00f3\u0142pracownik Wita Stwosza oraz Stanis\u0142aw Stary, kt\u00f3ry doko\u0144czy\u0142 dzie\u0142o poprzednika. Jak przekazuj\u0105 \u017ar\u00f3d\u0142a, na pocz\u0105tku XVII wieku w olkuskim ko\u015bciele znajdowa\u0142o si\u0119 15 o\u0142tarzy. Wi\u0119kszo\u015b\u0107 przetrwa\u0142a do naszych czas\u00f3w.<\/p><p>Niezwyk\u0142ym zabytkiem s\u0105 p\u00f3\u017anorenesansowe organy, kt\u00f3rych budow\u0119 rozpocz\u0105\u0142 w 1611 roku wybitny niemiecki organomistrz Hans Hummel. Olkuskie organy, jako jedne z nielicznych w Europie zachowa\u0142y oryginalny mechanizm i wi\u0119kszo\u015b\u0107 piszcza\u0142ek. W 2016 roku organy zosta\u0142y oddane do konserwacji, kt\u00f3ra zosta\u0142a ju\u017c zako\u0144czona. W prezbiterium znajduj\u0105 si\u0119 XVI wieczne drewniane stalle, czyli ozdobne, drewniane \u0142awy, w kt\u00f3rych zasiadali duchowni. Na \u015bcianie ponad stallami, mo\u017cna podziwia\u0107 XIV wieczny fresk przedstawiaj\u0105cy alegori\u0119 uczynk\u00f3w mi\u0142osierdzia i grzech\u00f3w g\u0142\u00f3wnych.<\/p><p>Pami\u0105tkami g\u00f3rniczej przesz\u0142o\u015bci miasta jest chrzcielnica wykonana pod koniec XVI wieku z olkuskiego o\u0142owiu i okaza\u0142y i p\u00f3\u0142torametrowej wysoko\u015bci srebrny Krzy\u017c Gwark\u00f3w, podarowany w XVII wieku przez olkuskich g\u00f3rnik\u00f3w. Nad o\u0142tarzem, na \u015bcianie prezbiterium widniej\u0105 freski z herbami Polski i Olkusza trzymanymi przez gwark\u00f3w, czyli olkuskich g\u00f3rnik\u00f3w w charakterystycznych strojach. Wn\u0119trze ko\u015bcio\u0142a zdobi\u0105 nagrobki mieszczan z charakterystycznymi gmerkami, czyli mieszcza\u0144skimi herbami.<\/p><p>Wi\u0119cej informacji:\u00a0<a>www.bazylika.pl<\/a><\/p>\t\t\t\t\t\t\t\t<\/div>\n\t\t\t\t<\/div>\n\t\t\t\t<\/div>\n\t\t<div class=\"elementor-element elementor-element-786e09eb e-con-full e-flex e-con e-child\" data-id=\"786e09eb\" data-element_type=\"container\" data-e-type=\"container\">\n\t\t\t\t<div class=\"elementor-element elementor-element-312bb5d4 elementor-widget elementor-widget-image\" data-id=\"312bb5d4\" data-element_type=\"widget\" data-e-type=\"widget\" data-widget_type=\"image.default\">\n\t\t\t\t<div class=\"elementor-widget-container\">\n\t\t\t\t\t\t\t\t\t\t\t\t\t\t\t<img fetchpriority=\"high\" decoding=\"async\" width=\"768\" height=\"1024\" src=\"https:\/\/umig.olkusz.pl\/wp-content\/uploads\/2023\/11\/bazylika-768x1024.jpg\" class=\"attachment-large size-large wp-image-4744\" alt=\"\" srcset=\"https:\/\/umig.olkusz.pl\/wp-content\/uploads\/2023\/11\/bazylika-768x1024.jpg 768w, https:\/\/umig.olkusz.pl\/wp-content\/uploads\/2023\/11\/bazylika-225x300.jpg 225w, https:\/\/umig.olkusz.pl\/wp-content\/uploads\/2023\/11\/bazylika.jpg 1125w\" sizes=\"(max-width: 768px) 100vw, 768px\" \/>\t\t\t\t\t\t\t\t\t\t\t\t\t\t\t<\/div>\n\t\t\t\t<\/div>\n\t\t\t\t<\/div>\n\t\t\t\t\t<\/div>\n\t\t\t\t<\/div>\n\t\t\t\t\t<\/div>\n\t\t\t\t<\/div>\n\t\t\t\t<\/div>\n\t\t","protected":false},"excerpt":{"rendered":"<p>Bazylika Mniejsza \u015bw. Andrzeja Aposto\u0142a w Olkuszu Strzelista gotycka \u015bwi\u0105tynia powsta\u0142a na prze\u0142omie XIII i XIV wieku. Najstarsza cz\u0119\u015b\u0107 ko\u015bcio\u0142a stanowi obecnie prezbiterium. Ko\u015bci\u00f3\u0142 zosta\u0142 rozbudowany w czasach kr\u00f3la Kazimierza Wielkiego. Wtedy powsta\u0142y trzy, r\u00f3wnej wysoko\u015bci nawy wsparte na pot\u0119\u017cnych o\u015bmiobocznych filarach i zwie\u0144czone krzy\u017cowo \u2013 \u017cebrowym sklepieniem. Jeszcze w XV wieku do po\u0142udniowej \u015bciany [&hellip;]<\/p>\n","protected":false},"author":3,"featured_media":0,"parent":0,"menu_order":0,"comment_status":"closed","ping_status":"closed","template":"","meta":{"ngg_post_thumbnail":0,"footnotes":""},"class_list":["post-4742","page","type-page","status-publish","hentry"],"yoast_head":"<!-- This site is optimized with the Yoast SEO plugin v27.2 - https:\/\/yoast.com\/product\/yoast-seo-wordpress\/ -->\n<title>Bazylika \u015bw. Andrzeja - Urz\u0105d Miasta i Gminy w Olkuszu<\/title>\n<meta name=\"robots\" content=\"index, follow, max-snippet:-1, max-image-preview:large, max-video-preview:-1\" \/>\n<link rel=\"canonical\" href=\"https:\/\/umig.olkusz.pl\/index.php\/bazylika-sw-andrzeja\/\" \/>\n<meta property=\"og:locale\" content=\"pl_PL\" \/>\n<meta property=\"og:type\" content=\"article\" \/>\n<meta property=\"og:title\" content=\"Bazylika \u015bw. Andrzeja - Urz\u0105d Miasta i Gminy w Olkuszu\" \/>\n<meta property=\"og:description\" content=\"Bazylika Mniejsza \u015bw. Andrzeja Aposto\u0142a w Olkuszu Strzelista gotycka \u015bwi\u0105tynia powsta\u0142a na prze\u0142omie XIII i XIV wieku. Najstarsza cz\u0119\u015b\u0107 ko\u015bcio\u0142a stanowi obecnie prezbiterium. Ko\u015bci\u00f3\u0142 zosta\u0142 rozbudowany w czasach kr\u00f3la Kazimierza Wielkiego. Wtedy powsta\u0142y trzy, r\u00f3wnej wysoko\u015bci nawy wsparte na pot\u0119\u017cnych o\u015bmiobocznych filarach i zwie\u0144czone krzy\u017cowo \u2013 \u017cebrowym sklepieniem. Jeszcze w XV wieku do po\u0142udniowej \u015bciany [&hellip;]\" \/>\n<meta property=\"og:url\" content=\"https:\/\/umig.olkusz.pl\/index.php\/bazylika-sw-andrzeja\/\" \/>\n<meta property=\"og:site_name\" content=\"Urz\u0105d Miasta i Gminy w Olkuszu\" \/>\n<meta property=\"article:publisher\" content=\"https:\/\/www.facebook.com\/olkuszsrebrnemiasto\" \/>\n<meta property=\"article:modified_time\" content=\"2023-11-07T12:34:17+00:00\" \/>\n<meta property=\"og:image\" content=\"https:\/\/nowa.umig.olkusz.pl\/wp-content\/uploads\/2023\/11\/bazylika-768x1024.jpg\" \/>\n<meta name=\"twitter:card\" content=\"summary_large_image\" \/>\n<meta name=\"twitter:label1\" content=\"Szacowany czas czytania\" \/>\n\t<meta name=\"twitter:data1\" content=\"2 minuty\" \/>\n<script type=\"application\/ld+json\" class=\"yoast-schema-graph\">{\"@context\":\"https:\/\/schema.org\",\"@graph\":[{\"@type\":\"WebPage\",\"@id\":\"https:\/\/umig.olkusz.pl\/index.php\/bazylika-sw-andrzeja\/\",\"url\":\"https:\/\/umig.olkusz.pl\/index.php\/bazylika-sw-andrzeja\/\",\"name\":\"Bazylika \u015bw. Andrzeja - Urz\u0105d Miasta i Gminy w Olkuszu\",\"isPartOf\":{\"@id\":\"https:\/\/umig.olkusz.pl\/#website\"},\"primaryImageOfPage\":{\"@id\":\"https:\/\/umig.olkusz.pl\/index.php\/bazylika-sw-andrzeja\/#primaryimage\"},\"image\":{\"@id\":\"https:\/\/umig.olkusz.pl\/index.php\/bazylika-sw-andrzeja\/#primaryimage\"},\"thumbnailUrl\":\"https:\/\/nowa.umig.olkusz.pl\/wp-content\/uploads\/2023\/11\/bazylika-768x1024.jpg\",\"datePublished\":\"2023-11-07T12:32:52+00:00\",\"dateModified\":\"2023-11-07T12:34:17+00:00\",\"breadcrumb\":{\"@id\":\"https:\/\/umig.olkusz.pl\/index.php\/bazylika-sw-andrzeja\/#breadcrumb\"},\"inLanguage\":\"pl-PL\",\"potentialAction\":[{\"@type\":\"ReadAction\",\"target\":[\"https:\/\/umig.olkusz.pl\/index.php\/bazylika-sw-andrzeja\/\"]}]},{\"@type\":\"ImageObject\",\"inLanguage\":\"pl-PL\",\"@id\":\"https:\/\/umig.olkusz.pl\/index.php\/bazylika-sw-andrzeja\/#primaryimage\",\"url\":\"https:\/\/nowa.umig.olkusz.pl\/wp-content\/uploads\/2023\/11\/bazylika-768x1024.jpg\",\"contentUrl\":\"https:\/\/nowa.umig.olkusz.pl\/wp-content\/uploads\/2023\/11\/bazylika-768x1024.jpg\"},{\"@type\":\"BreadcrumbList\",\"@id\":\"https:\/\/umig.olkusz.pl\/index.php\/bazylika-sw-andrzeja\/#breadcrumb\",\"itemListElement\":[{\"@type\":\"ListItem\",\"position\":1,\"name\":\"Strona g\u0142\u00f3wna\",\"item\":\"https:\/\/umig.olkusz.pl\/\"},{\"@type\":\"ListItem\",\"position\":2,\"name\":\"Bazylika \u015bw. Andrzeja\"}]},{\"@type\":\"WebSite\",\"@id\":\"https:\/\/umig.olkusz.pl\/#website\",\"url\":\"https:\/\/umig.olkusz.pl\/\",\"name\":\"Urz\u0105d Miasta i Gminy w Olkuszu\",\"description\":\"Urz\u0105d Miasta i Gminy w Olkuszu\",\"publisher\":{\"@id\":\"https:\/\/umig.olkusz.pl\/#organization\"},\"potentialAction\":[{\"@type\":\"SearchAction\",\"target\":{\"@type\":\"EntryPoint\",\"urlTemplate\":\"https:\/\/umig.olkusz.pl\/?s={search_term_string}\"},\"query-input\":{\"@type\":\"PropertyValueSpecification\",\"valueRequired\":true,\"valueName\":\"search_term_string\"}}],\"inLanguage\":\"pl-PL\"},{\"@type\":\"Organization\",\"@id\":\"https:\/\/umig.olkusz.pl\/#organization\",\"name\":\"Urz\u0105d Miasta i Gminy w Olkuszu\",\"url\":\"https:\/\/umig.olkusz.pl\/\",\"logo\":{\"@type\":\"ImageObject\",\"inLanguage\":\"pl-PL\",\"@id\":\"https:\/\/umig.olkusz.pl\/#\/schema\/logo\/image\/\",\"url\":\"https:\/\/umig.olkusz.pl\/wp-content\/uploads\/2023\/03\/herb_strona.jpg\",\"contentUrl\":\"https:\/\/umig.olkusz.pl\/wp-content\/uploads\/2023\/03\/herb_strona.jpg\",\"width\":614,\"height\":658,\"caption\":\"Urz\u0105d Miasta i Gminy w Olkuszu\"},\"image\":{\"@id\":\"https:\/\/umig.olkusz.pl\/#\/schema\/logo\/image\/\"},\"sameAs\":[\"https:\/\/www.facebook.com\/olkuszsrebrnemiasto\"]}]}<\/script>\n<!-- \/ Yoast SEO plugin. -->","yoast_head_json":{"title":"Bazylika \u015bw. Andrzeja - Urz\u0105d Miasta i Gminy w Olkuszu","robots":{"index":"index","follow":"follow","max-snippet":"max-snippet:-1","max-image-preview":"max-image-preview:large","max-video-preview":"max-video-preview:-1"},"canonical":"https:\/\/umig.olkusz.pl\/index.php\/bazylika-sw-andrzeja\/","og_locale":"pl_PL","og_type":"article","og_title":"Bazylika \u015bw. Andrzeja - Urz\u0105d Miasta i Gminy w Olkuszu","og_description":"Bazylika Mniejsza \u015bw. Andrzeja Aposto\u0142a w Olkuszu Strzelista gotycka \u015bwi\u0105tynia powsta\u0142a na prze\u0142omie XIII i XIV wieku. Najstarsza cz\u0119\u015b\u0107 ko\u015bcio\u0142a stanowi obecnie prezbiterium. Ko\u015bci\u00f3\u0142 zosta\u0142 rozbudowany w czasach kr\u00f3la Kazimierza Wielkiego. Wtedy powsta\u0142y trzy, r\u00f3wnej wysoko\u015bci nawy wsparte na pot\u0119\u017cnych o\u015bmiobocznych filarach i zwie\u0144czone krzy\u017cowo \u2013 \u017cebrowym sklepieniem. Jeszcze w XV wieku do po\u0142udniowej \u015bciany [&hellip;]","og_url":"https:\/\/umig.olkusz.pl\/index.php\/bazylika-sw-andrzeja\/","og_site_name":"Urz\u0105d Miasta i Gminy w Olkuszu","article_publisher":"https:\/\/www.facebook.com\/olkuszsrebrnemiasto","article_modified_time":"2023-11-07T12:34:17+00:00","og_image":[{"url":"https:\/\/nowa.umig.olkusz.pl\/wp-content\/uploads\/2023\/11\/bazylika-768x1024.jpg","type":"","width":"","height":""}],"twitter_card":"summary_large_image","twitter_misc":{"Szacowany czas czytania":"2 minuty"},"schema":{"@context":"https:\/\/schema.org","@graph":[{"@type":"WebPage","@id":"https:\/\/umig.olkusz.pl\/index.php\/bazylika-sw-andrzeja\/","url":"https:\/\/umig.olkusz.pl\/index.php\/bazylika-sw-andrzeja\/","name":"Bazylika \u015bw. Andrzeja - Urz\u0105d Miasta i Gminy w Olkuszu","isPartOf":{"@id":"https:\/\/umig.olkusz.pl\/#website"},"primaryImageOfPage":{"@id":"https:\/\/umig.olkusz.pl\/index.php\/bazylika-sw-andrzeja\/#primaryimage"},"image":{"@id":"https:\/\/umig.olkusz.pl\/index.php\/bazylika-sw-andrzeja\/#primaryimage"},"thumbnailUrl":"https:\/\/nowa.umig.olkusz.pl\/wp-content\/uploads\/2023\/11\/bazylika-768x1024.jpg","datePublished":"2023-11-07T12:32:52+00:00","dateModified":"2023-11-07T12:34:17+00:00","breadcrumb":{"@id":"https:\/\/umig.olkusz.pl\/index.php\/bazylika-sw-andrzeja\/#breadcrumb"},"inLanguage":"pl-PL","potentialAction":[{"@type":"ReadAction","target":["https:\/\/umig.olkusz.pl\/index.php\/bazylika-sw-andrzeja\/"]}]},{"@type":"ImageObject","inLanguage":"pl-PL","@id":"https:\/\/umig.olkusz.pl\/index.php\/bazylika-sw-andrzeja\/#primaryimage","url":"https:\/\/nowa.umig.olkusz.pl\/wp-content\/uploads\/2023\/11\/bazylika-768x1024.jpg","contentUrl":"https:\/\/nowa.umig.olkusz.pl\/wp-content\/uploads\/2023\/11\/bazylika-768x1024.jpg"},{"@type":"BreadcrumbList","@id":"https:\/\/umig.olkusz.pl\/index.php\/bazylika-sw-andrzeja\/#breadcrumb","itemListElement":[{"@type":"ListItem","position":1,"name":"Strona g\u0142\u00f3wna","item":"https:\/\/umig.olkusz.pl\/"},{"@type":"ListItem","position":2,"name":"Bazylika \u015bw. Andrzeja"}]},{"@type":"WebSite","@id":"https:\/\/umig.olkusz.pl\/#website","url":"https:\/\/umig.olkusz.pl\/","name":"Urz\u0105d Miasta i Gminy w Olkuszu","description":"Urz\u0105d Miasta i Gminy w Olkuszu","publisher":{"@id":"https:\/\/umig.olkusz.pl\/#organization"},"potentialAction":[{"@type":"SearchAction","target":{"@type":"EntryPoint","urlTemplate":"https:\/\/umig.olkusz.pl\/?s={search_term_string}"},"query-input":{"@type":"PropertyValueSpecification","valueRequired":true,"valueName":"search_term_string"}}],"inLanguage":"pl-PL"},{"@type":"Organization","@id":"https:\/\/umig.olkusz.pl\/#organization","name":"Urz\u0105d Miasta i Gminy w Olkuszu","url":"https:\/\/umig.olkusz.pl\/","logo":{"@type":"ImageObject","inLanguage":"pl-PL","@id":"https:\/\/umig.olkusz.pl\/#\/schema\/logo\/image\/","url":"https:\/\/umig.olkusz.pl\/wp-content\/uploads\/2023\/03\/herb_strona.jpg","contentUrl":"https:\/\/umig.olkusz.pl\/wp-content\/uploads\/2023\/03\/herb_strona.jpg","width":614,"height":658,"caption":"Urz\u0105d Miasta i Gminy w Olkuszu"},"image":{"@id":"https:\/\/umig.olkusz.pl\/#\/schema\/logo\/image\/"},"sameAs":["https:\/\/www.facebook.com\/olkuszsrebrnemiasto"]}]}},"_links":{"self":[{"href":"https:\/\/umig.olkusz.pl\/index.php\/wp-json\/wp\/v2\/pages\/4742","targetHints":{"allow":["GET"]}}],"collection":[{"href":"https:\/\/umig.olkusz.pl\/index.php\/wp-json\/wp\/v2\/pages"}],"about":[{"href":"https:\/\/umig.olkusz.pl\/index.php\/wp-json\/wp\/v2\/types\/page"}],"author":[{"embeddable":true,"href":"https:\/\/umig.olkusz.pl\/index.php\/wp-json\/wp\/v2\/users\/3"}],"replies":[{"embeddable":true,"href":"https:\/\/umig.olkusz.pl\/index.php\/wp-json\/wp\/v2\/comments?post=4742"}],"version-history":[{"count":7,"href":"https:\/\/umig.olkusz.pl\/index.php\/wp-json\/wp\/v2\/pages\/4742\/revisions"}],"predecessor-version":[{"id":4750,"href":"https:\/\/umig.olkusz.pl\/index.php\/wp-json\/wp\/v2\/pages\/4742\/revisions\/4750"}],"wp:attachment":[{"href":"https:\/\/umig.olkusz.pl\/index.php\/wp-json\/wp\/v2\/media?parent=4742"}],"curies":[{"name":"wp","href":"https:\/\/api.w.org\/{rel}","templated":true}]}}