{"id":4736,"date":"2023-11-07T13:30:30","date_gmt":"2023-11-07T12:30:30","guid":{"rendered":"https:\/\/nowa.umig.olkusz.pl\/?page_id=4736"},"modified":"2023-11-07T13:31:46","modified_gmt":"2023-11-07T12:31:46","slug":"podziemny-olkusz","status":"publish","type":"page","link":"https:\/\/umig.olkusz.pl\/index.php\/podziemny-olkusz\/","title":{"rendered":"Podziemny Olkusz"},"content":{"rendered":"\t\t<div data-elementor-type=\"wp-page\" data-elementor-id=\"4736\" class=\"elementor elementor-4736\" data-elementor-post-type=\"page\">\n\t\t\t\t<div class=\"elementor-element elementor-element-3df46b15 e-flex e-con-boxed e-con e-parent\" data-id=\"3df46b15\" data-element_type=\"container\" data-e-type=\"container\">\n\t\t\t\t\t<div class=\"e-con-inner\">\n\t\t\t\t<div class=\"elementor-element elementor-element-557593a2 elementor-widget elementor-widget-heading\" data-id=\"557593a2\" data-element_type=\"widget\" data-e-type=\"widget\" data-widget_type=\"heading.default\">\n\t\t\t\t<div class=\"elementor-widget-container\">\n\t\t\t\t\t<h2 class=\"elementor-heading-title elementor-size-default\">Podziemny Olkusz<\/h2>\t\t\t\t<\/div>\n\t\t\t\t<\/div>\n\t\t\t\t\t<\/div>\n\t\t\t\t<\/div>\n\t\t<div class=\"elementor-element elementor-element-14bee88 e-flex e-con-boxed e-con e-parent\" data-id=\"14bee88\" data-element_type=\"container\" data-e-type=\"container\">\n\t\t\t\t\t<div class=\"e-con-inner\">\n\t\t<div class=\"elementor-element elementor-element-19baf036 e-flex e-con-boxed e-con e-child\" data-id=\"19baf036\" data-element_type=\"container\" data-e-type=\"container\">\n\t\t\t\t\t<div class=\"e-con-inner\">\n\t\t<div class=\"elementor-element elementor-element-21f21ff7 e-con-full e-flex e-con e-child\" data-id=\"21f21ff7\" data-element_type=\"container\" data-e-type=\"container\">\n\t\t\t\t<div class=\"elementor-element elementor-element-6b19de00 elementor-widget elementor-widget-text-editor\" data-id=\"6b19de00\" data-element_type=\"widget\" data-e-type=\"widget\" data-widget_type=\"text-editor.default\">\n\t\t\t\t<div class=\"elementor-widget-container\">\n\t\t\t\t\t\t\t\t\t<p>Ka\u017cdy wie, \u017ce prawdziwe skarby kryj\u0105 si\u0119 pod ziemi\u0105. Aby si\u0119 o tym przekona\u0107, warto przyjecha\u0107 do Olkusza \u2013 miasta po\u0142o\u017conego w sercu Jury Krakowsko \u2013 Cz\u0119stochowskiej, aby zwiedzi\u0107 nowe, niezwyk\u0142e ekspozycje \u201ePodziemny Olkusz\u201d. Zapraszamy na podziemny spacer, podczas kt\u00f3rego dotkniecie historii.<\/p><p>Pierwsza ekspozycja znajduje si\u0119 w piwnicach XIV wiecznego ratusza, jaki wznosi\u0142 si\u0119 niegdy\u015b na olkuskim rynku. Odkryte przez archeolog\u00f3w piwnice zosta\u0142y przystosowane do zwiedzania. Spaceruj\u0105c kilka metr\u00f3w pod rynkiem mo\u017cna zapozna\u0107 si\u0119 z wystaw\u0105, kt\u00f3ra w niezwyk\u0142y spos\u00f3b przedstawia histori\u0119 Olkusza nazywanego Srebrnym Miastem, za spraw\u0105 si\u0119gaj\u0105cych \u015bredniowiecza tradycji wydobycia srebra i o\u0142owiu. Mo\u017cemy przenie\u015b\u0107 si\u0119 do Olkusza z czas\u00f3w najwi\u0119kszej \u015bwietno\u015bci, czyli ko\u0144ca XVI wieku ogl\u0105daj\u0105c du\u017c\u0105, przestrzenn\u0105 makiet\u0119 miasta z tego okresu. Dzi\u0119ki licznym dotykowym prezenterom multimedialnym mo\u017cemy szczeg\u00f3\u0142owo pozna\u0107 histori\u0119 miasta i jego mieszka\u0144c\u00f3w, a tak\u017ce zobaczy\u0107 stare dokumenty, ryciny i mapy. W podziemiach mo\u017cna tak\u017ce zobaczy\u0107 replik\u0119 astrolabium &#8211; urz\u0105dzenia astronomicznego, kt\u00f3re nale\u017ca\u0142o niegdy\u015b do s\u0142ynnego olkuskiego astronoma i astrologa Marcina Bylicy. Prezentowane s\u0105 tak\u017ce filmy po\u015bwi\u0119cone m.in. rozwojowi terytorialnemu miasta i g\u00f3rnictwa, s\u0142ynnym olkuskim astronomom, czy niezwyk\u0142ym zabytkom olkuskiego\u00a0 ko\u015bcio\u0142a \u015bw. Andrzeja. Cz\u0119\u015b\u0107 ekspozycji pokazuje i opowiada histori\u0119 samego ratusza \u2013 siedziby w\u0142adz miasta, kancelarii i wi\u0119zienia miejskiego. W dawnym miejskim lochu mo\u017cemy obejrze\u0107 animowan\u0105 scen\u0119 przedstawiaj\u0105c\u0105 \u017cycie codzienne \u015bredniowiecznego miasta, a tak\u017ce zobaczy\u0107 narz\u0119dzia tortur. Atrakcj\u0105 nie tylko dla najm\u0142odszych jest hologram popiersia Stanis\u0142awa Amendy \u2013 olkuskiego mieszczanina w\u0142oskiego pochodzenia, kt\u00f3ry barwnie opowiada o cudzoziemcach mieszkaj\u0105cych w Olkuszu. Zastosowanie multimedi\u00f3w ma nie tylko uatrakcyjni\u0107 ekspozycj\u0119 i form\u0119 przekazu, ale tak\u017ce da\u0107 mo\u017cliwo\u015b\u0107 wyboru przez zwiedzaj\u0105cych tematu i zakresu wiedzy oraz u\u0142atwi\u0107 zwiedzanie osobom niepe\u0142nosprawnym. Warto doda\u0107, \u017ce podziemia mo\u017cna zwiedza\u0107 korzystaj\u0105c z bezp\u0142atnej aplikacji audioprzewodnika. Wa\u017cnym elementem ekspozycji s\u0105 znaleziska archeologiczne, na jakie natrafiono podczas rewitalizacji olkuskiej star\u00f3wki. S\u0105 to przedmioty codziennego u\u017cytku, monety i ozdoby. W podziemiach mo\u017cemy te\u017c zobaczy\u0107 dobrze zachowany piec hypokaustyczny, kt\u00f3ry za pomoc\u0105 gor\u0105cego powietrza ogrzewa\u0142 niegdy\u015b ratusz.<\/p><p>Druga podziemna ekspozycja zosta\u0142a zlokalizowana w piwnicach dawnego Kwarta\u0142u Kr\u00f3lewskiego, gdzie niegdy\u015b znajdowa\u0142a si\u0119 siedziba olkuskich w\u0142adz g\u00f3rniczych. Dlatego po\u015bwi\u0119cona zosta\u0142a g\u00f3rniczym i hutniczym tradycjom Olkusza, a tak\u017ce mennicy, jaka dzia\u0142a\u0142a w tym miejscu na prze\u0142omie XVI i XVII wieku. O, tym jak dzia\u0142a\u0142y dawne kopalnie mo\u017cemy si\u0119 przekona\u0107 sami wprawiaj\u0105c w ruch modele i repliki dawnych urz\u0105dze\u0144 g\u00f3rniczych, takich jak m.in. kierat, p\u0142uczka, \u015bruba Archimedesa, czy tzw. Paternoster. Du\u017c\u0105 atrakcj\u0105 jest przestrzenna makieta pokazuj\u0105ca dawne olkuskie kopalnie. Jest te\u017c cz\u0119\u015b\u0107 po\u015bwi\u0119cona metalurgii, gdzie mo\u017cna zobaczy\u0107 repliki piec\u00f3w u\u017cywanych do wytopu o\u0142owiu i srebra. Jedna z kom\u00f3r piwnic nazwana \u201eSrebrn\u0105 komnat\u0105\u201d jest opowie\u015bci\u0105 o historii srebra od staro\u017cytno\u015bci po czasy wsp\u00f3\u0142czesne. Tam mo\u017cna zobaczy\u0107 replik\u0119 Srebrnego Krzy\u017ca Gwark\u00f3w Olkuskich, kt\u00f3rego orygina\u0142 znajduje si\u0119 w olkuskiej bazylice. W ekspozycji zosta\u0142a tak\u017ce przedstawiona historia olkuskiej mennicy. Co wi\u0119cej, jest specjalna prasa, w kt\u00f3rej mo\u017cna wybi\u0107 replik\u0119 olkuskiego trojaka. W gablotach s\u0105 prezentowane m.in. znaleziska archeologiczne, na jakie natrafiono podczas rewitalizacji olkuskiej star\u00f3wki oraz kwarta\u0142u kr\u00f3lewskiego. W trakcie rewitalizacji star\u00f3wki pozyskano prawie 100 000 zabytkowych przedmiot\u00f3w, w tym monety, ceramik\u0119, kawa\u0142ki o\u0142owiu, sk\u00f3ry, elementy odzie\u017cy, miedziane odwa\u017cniki i ozdoby. Wybrano przesz\u0142o dwie\u015bcie najciekawszych eksponat\u00f3w, w tym 130 monet, kt\u00f3re zosta\u0142y poddane konserwacji i cz\u0119\u015b\u0107 z nich mo\u017cna ogl\u0105da\u0107 w podziemnych wystawach. W\u015br\u00f3d ciekawostek prezentowanych na ekspozycji jest m.in. forma do odlewania kr\u0105\u017ck\u00f3w, z kt\u00f3rych wybijano monety, tzw. liczman wyprodukowany w Norymberdze prawdopodobnie w XV wieku u\u017cywany w olkuskiej mennicy oraz o\u0142owiana plomba do artyku\u0142\u00f3w tekstylnych z prze\u0142omu XVI i XVII wieku, kt\u00f3ra trafi\u0142a do Olkusza a\u017c z \u2026 Londynu. Przybli\u017ceniu historii olkuskiego g\u00f3rnictwa i hutnictwa s\u0142u\u017c\u0105 liczne multimedia.<\/p><p>Przesz\u0142o\u015b\u0107 dla przysz\u0142o\u015bci\u201d. Tak, najkr\u00f3cej mo\u017cna opisa\u0107 cel projektu \u201eRewitalizacja kwarta\u0142u kr\u00f3lewskiego w Olkuszu oraz utworzenie multimedialnej trasy turystycznej w podziemiach ratusza\u201d zrealizowanego przez Gmin\u0119 Olkusz przy wsparciu unijnym. Warto tak\u017ce zobaczy\u0107\u00a0<a href=\"https:\/\/www.youtube.com\/watch?v=79M2HUgxtiI\" rel=\"alternate\">film<\/a>\u00a0prezentuj\u0105cy now\u0105 ekspozycj\u0119. Szczeg\u00f3\u0142owe informacje o ekspozycjach znajdziecie na stronie\u00a0<a href=\"https:\/\/podziemnyolkusz.pl\/\" rel=\"alternate\">www.podziemnyolkusz.pl.<\/a><\/p>\t\t\t\t\t\t\t\t<\/div>\n\t\t\t\t<\/div>\n\t\t\t\t<\/div>\n\t\t<div class=\"elementor-element elementor-element-4a4cc223 e-con-full e-flex e-con e-child\" data-id=\"4a4cc223\" data-element_type=\"container\" data-e-type=\"container\">\n\t\t\t\t<div class=\"elementor-element elementor-element-170da1d8 elementor-widget elementor-widget-image\" data-id=\"170da1d8\" data-element_type=\"widget\" data-e-type=\"widget\" data-widget_type=\"image.default\">\n\t\t\t\t<div class=\"elementor-widget-container\">\n\t\t\t\t\t\t\t\t\t\t\t\t\t\t\t<img fetchpriority=\"high\" decoding=\"async\" width=\"800\" height=\"534\" src=\"https:\/\/umig.olkusz.pl\/wp-content\/uploads\/2023\/11\/podziemia_radio-1024x683.jpg\" class=\"attachment-large size-large wp-image-4738\" alt=\"\" srcset=\"https:\/\/umig.olkusz.pl\/wp-content\/uploads\/2023\/11\/podziemia_radio-1024x683.jpg 1024w, https:\/\/umig.olkusz.pl\/wp-content\/uploads\/2023\/11\/podziemia_radio-300x200.jpg 300w, https:\/\/umig.olkusz.pl\/wp-content\/uploads\/2023\/11\/podziemia_radio-768x512.jpg 768w, https:\/\/umig.olkusz.pl\/wp-content\/uploads\/2023\/11\/podziemia_radio.jpg 1152w\" sizes=\"(max-width: 800px) 100vw, 800px\" \/>\t\t\t\t\t\t\t\t\t\t\t\t\t\t\t<\/div>\n\t\t\t\t<\/div>\n\t\t\t\t<\/div>\n\t\t\t\t\t<\/div>\n\t\t\t\t<\/div>\n\t\t\t\t\t<\/div>\n\t\t\t\t<\/div>\n\t\t\t\t<\/div>\n\t\t","protected":false},"excerpt":{"rendered":"<p>Podziemny Olkusz Ka\u017cdy wie, \u017ce prawdziwe skarby kryj\u0105 si\u0119 pod ziemi\u0105. Aby si\u0119 o tym przekona\u0107, warto przyjecha\u0107 do Olkusza \u2013 miasta po\u0142o\u017conego w sercu Jury Krakowsko \u2013 Cz\u0119stochowskiej, aby zwiedzi\u0107 nowe, niezwyk\u0142e ekspozycje \u201ePodziemny Olkusz\u201d. Zapraszamy na podziemny spacer, podczas kt\u00f3rego dotkniecie historii. Pierwsza ekspozycja znajduje si\u0119 w piwnicach XIV wiecznego ratusza, jaki wznosi\u0142 [&hellip;]<\/p>\n","protected":false},"author":3,"featured_media":0,"parent":0,"menu_order":0,"comment_status":"closed","ping_status":"closed","template":"","meta":{"ngg_post_thumbnail":0,"footnotes":""},"class_list":["post-4736","page","type-page","status-publish","hentry"],"yoast_head":"<!-- This site is optimized with the Yoast SEO plugin v27.2 - https:\/\/yoast.com\/product\/yoast-seo-wordpress\/ -->\n<title>Podziemny Olkusz - Urz\u0105d Miasta i Gminy w Olkuszu<\/title>\n<meta name=\"robots\" content=\"index, follow, max-snippet:-1, max-image-preview:large, max-video-preview:-1\" \/>\n<link rel=\"canonical\" href=\"https:\/\/umig.olkusz.pl\/index.php\/podziemny-olkusz\/\" \/>\n<meta property=\"og:locale\" content=\"pl_PL\" \/>\n<meta property=\"og:type\" content=\"article\" \/>\n<meta property=\"og:title\" content=\"Podziemny Olkusz - Urz\u0105d Miasta i Gminy w Olkuszu\" \/>\n<meta property=\"og:description\" content=\"Podziemny Olkusz Ka\u017cdy wie, \u017ce prawdziwe skarby kryj\u0105 si\u0119 pod ziemi\u0105. Aby si\u0119 o tym przekona\u0107, warto przyjecha\u0107 do Olkusza \u2013 miasta po\u0142o\u017conego w sercu Jury Krakowsko \u2013 Cz\u0119stochowskiej, aby zwiedzi\u0107 nowe, niezwyk\u0142e ekspozycje \u201ePodziemny Olkusz\u201d. Zapraszamy na podziemny spacer, podczas kt\u00f3rego dotkniecie historii. Pierwsza ekspozycja znajduje si\u0119 w piwnicach XIV wiecznego ratusza, jaki wznosi\u0142 [&hellip;]\" \/>\n<meta property=\"og:url\" content=\"https:\/\/umig.olkusz.pl\/index.php\/podziemny-olkusz\/\" \/>\n<meta property=\"og:site_name\" content=\"Urz\u0105d Miasta i Gminy w Olkuszu\" \/>\n<meta property=\"article:publisher\" content=\"https:\/\/www.facebook.com\/olkuszsrebrnemiasto\" \/>\n<meta property=\"article:modified_time\" content=\"2023-11-07T12:31:46+00:00\" \/>\n<meta property=\"og:image\" content=\"https:\/\/nowa.umig.olkusz.pl\/wp-content\/uploads\/2023\/11\/podziemia_radio-1024x683.jpg\" \/>\n<meta name=\"twitter:card\" content=\"summary_large_image\" \/>\n<meta name=\"twitter:label1\" content=\"Szacowany czas czytania\" \/>\n\t<meta name=\"twitter:data1\" content=\"4 minuty\" \/>\n<script type=\"application\/ld+json\" class=\"yoast-schema-graph\">{\"@context\":\"https:\/\/schema.org\",\"@graph\":[{\"@type\":\"WebPage\",\"@id\":\"https:\/\/umig.olkusz.pl\/index.php\/podziemny-olkusz\/\",\"url\":\"https:\/\/umig.olkusz.pl\/index.php\/podziemny-olkusz\/\",\"name\":\"Podziemny Olkusz - Urz\u0105d Miasta i Gminy w Olkuszu\",\"isPartOf\":{\"@id\":\"https:\/\/umig.olkusz.pl\/#website\"},\"primaryImageOfPage\":{\"@id\":\"https:\/\/umig.olkusz.pl\/index.php\/podziemny-olkusz\/#primaryimage\"},\"image\":{\"@id\":\"https:\/\/umig.olkusz.pl\/index.php\/podziemny-olkusz\/#primaryimage\"},\"thumbnailUrl\":\"https:\/\/nowa.umig.olkusz.pl\/wp-content\/uploads\/2023\/11\/podziemia_radio-1024x683.jpg\",\"datePublished\":\"2023-11-07T12:30:30+00:00\",\"dateModified\":\"2023-11-07T12:31:46+00:00\",\"breadcrumb\":{\"@id\":\"https:\/\/umig.olkusz.pl\/index.php\/podziemny-olkusz\/#breadcrumb\"},\"inLanguage\":\"pl-PL\",\"potentialAction\":[{\"@type\":\"ReadAction\",\"target\":[\"https:\/\/umig.olkusz.pl\/index.php\/podziemny-olkusz\/\"]}]},{\"@type\":\"ImageObject\",\"inLanguage\":\"pl-PL\",\"@id\":\"https:\/\/umig.olkusz.pl\/index.php\/podziemny-olkusz\/#primaryimage\",\"url\":\"https:\/\/nowa.umig.olkusz.pl\/wp-content\/uploads\/2023\/11\/podziemia_radio-1024x683.jpg\",\"contentUrl\":\"https:\/\/nowa.umig.olkusz.pl\/wp-content\/uploads\/2023\/11\/podziemia_radio-1024x683.jpg\"},{\"@type\":\"BreadcrumbList\",\"@id\":\"https:\/\/umig.olkusz.pl\/index.php\/podziemny-olkusz\/#breadcrumb\",\"itemListElement\":[{\"@type\":\"ListItem\",\"position\":1,\"name\":\"Strona g\u0142\u00f3wna\",\"item\":\"https:\/\/umig.olkusz.pl\/\"},{\"@type\":\"ListItem\",\"position\":2,\"name\":\"Podziemny Olkusz\"}]},{\"@type\":\"WebSite\",\"@id\":\"https:\/\/umig.olkusz.pl\/#website\",\"url\":\"https:\/\/umig.olkusz.pl\/\",\"name\":\"Urz\u0105d Miasta i Gminy w Olkuszu\",\"description\":\"Urz\u0105d Miasta i Gminy w Olkuszu\",\"publisher\":{\"@id\":\"https:\/\/umig.olkusz.pl\/#organization\"},\"potentialAction\":[{\"@type\":\"SearchAction\",\"target\":{\"@type\":\"EntryPoint\",\"urlTemplate\":\"https:\/\/umig.olkusz.pl\/?s={search_term_string}\"},\"query-input\":{\"@type\":\"PropertyValueSpecification\",\"valueRequired\":true,\"valueName\":\"search_term_string\"}}],\"inLanguage\":\"pl-PL\"},{\"@type\":\"Organization\",\"@id\":\"https:\/\/umig.olkusz.pl\/#organization\",\"name\":\"Urz\u0105d Miasta i Gminy w Olkuszu\",\"url\":\"https:\/\/umig.olkusz.pl\/\",\"logo\":{\"@type\":\"ImageObject\",\"inLanguage\":\"pl-PL\",\"@id\":\"https:\/\/umig.olkusz.pl\/#\/schema\/logo\/image\/\",\"url\":\"https:\/\/umig.olkusz.pl\/wp-content\/uploads\/2023\/03\/herb_strona.jpg\",\"contentUrl\":\"https:\/\/umig.olkusz.pl\/wp-content\/uploads\/2023\/03\/herb_strona.jpg\",\"width\":614,\"height\":658,\"caption\":\"Urz\u0105d Miasta i Gminy w Olkuszu\"},\"image\":{\"@id\":\"https:\/\/umig.olkusz.pl\/#\/schema\/logo\/image\/\"},\"sameAs\":[\"https:\/\/www.facebook.com\/olkuszsrebrnemiasto\"]}]}<\/script>\n<!-- \/ Yoast SEO plugin. -->","yoast_head_json":{"title":"Podziemny Olkusz - Urz\u0105d Miasta i Gminy w Olkuszu","robots":{"index":"index","follow":"follow","max-snippet":"max-snippet:-1","max-image-preview":"max-image-preview:large","max-video-preview":"max-video-preview:-1"},"canonical":"https:\/\/umig.olkusz.pl\/index.php\/podziemny-olkusz\/","og_locale":"pl_PL","og_type":"article","og_title":"Podziemny Olkusz - Urz\u0105d Miasta i Gminy w Olkuszu","og_description":"Podziemny Olkusz Ka\u017cdy wie, \u017ce prawdziwe skarby kryj\u0105 si\u0119 pod ziemi\u0105. Aby si\u0119 o tym przekona\u0107, warto przyjecha\u0107 do Olkusza \u2013 miasta po\u0142o\u017conego w sercu Jury Krakowsko \u2013 Cz\u0119stochowskiej, aby zwiedzi\u0107 nowe, niezwyk\u0142e ekspozycje \u201ePodziemny Olkusz\u201d. Zapraszamy na podziemny spacer, podczas kt\u00f3rego dotkniecie historii. Pierwsza ekspozycja znajduje si\u0119 w piwnicach XIV wiecznego ratusza, jaki wznosi\u0142 [&hellip;]","og_url":"https:\/\/umig.olkusz.pl\/index.php\/podziemny-olkusz\/","og_site_name":"Urz\u0105d Miasta i Gminy w Olkuszu","article_publisher":"https:\/\/www.facebook.com\/olkuszsrebrnemiasto","article_modified_time":"2023-11-07T12:31:46+00:00","og_image":[{"url":"https:\/\/nowa.umig.olkusz.pl\/wp-content\/uploads\/2023\/11\/podziemia_radio-1024x683.jpg","type":"","width":"","height":""}],"twitter_card":"summary_large_image","twitter_misc":{"Szacowany czas czytania":"4 minuty"},"schema":{"@context":"https:\/\/schema.org","@graph":[{"@type":"WebPage","@id":"https:\/\/umig.olkusz.pl\/index.php\/podziemny-olkusz\/","url":"https:\/\/umig.olkusz.pl\/index.php\/podziemny-olkusz\/","name":"Podziemny Olkusz - Urz\u0105d Miasta i Gminy w Olkuszu","isPartOf":{"@id":"https:\/\/umig.olkusz.pl\/#website"},"primaryImageOfPage":{"@id":"https:\/\/umig.olkusz.pl\/index.php\/podziemny-olkusz\/#primaryimage"},"image":{"@id":"https:\/\/umig.olkusz.pl\/index.php\/podziemny-olkusz\/#primaryimage"},"thumbnailUrl":"https:\/\/nowa.umig.olkusz.pl\/wp-content\/uploads\/2023\/11\/podziemia_radio-1024x683.jpg","datePublished":"2023-11-07T12:30:30+00:00","dateModified":"2023-11-07T12:31:46+00:00","breadcrumb":{"@id":"https:\/\/umig.olkusz.pl\/index.php\/podziemny-olkusz\/#breadcrumb"},"inLanguage":"pl-PL","potentialAction":[{"@type":"ReadAction","target":["https:\/\/umig.olkusz.pl\/index.php\/podziemny-olkusz\/"]}]},{"@type":"ImageObject","inLanguage":"pl-PL","@id":"https:\/\/umig.olkusz.pl\/index.php\/podziemny-olkusz\/#primaryimage","url":"https:\/\/nowa.umig.olkusz.pl\/wp-content\/uploads\/2023\/11\/podziemia_radio-1024x683.jpg","contentUrl":"https:\/\/nowa.umig.olkusz.pl\/wp-content\/uploads\/2023\/11\/podziemia_radio-1024x683.jpg"},{"@type":"BreadcrumbList","@id":"https:\/\/umig.olkusz.pl\/index.php\/podziemny-olkusz\/#breadcrumb","itemListElement":[{"@type":"ListItem","position":1,"name":"Strona g\u0142\u00f3wna","item":"https:\/\/umig.olkusz.pl\/"},{"@type":"ListItem","position":2,"name":"Podziemny Olkusz"}]},{"@type":"WebSite","@id":"https:\/\/umig.olkusz.pl\/#website","url":"https:\/\/umig.olkusz.pl\/","name":"Urz\u0105d Miasta i Gminy w Olkuszu","description":"Urz\u0105d Miasta i Gminy w Olkuszu","publisher":{"@id":"https:\/\/umig.olkusz.pl\/#organization"},"potentialAction":[{"@type":"SearchAction","target":{"@type":"EntryPoint","urlTemplate":"https:\/\/umig.olkusz.pl\/?s={search_term_string}"},"query-input":{"@type":"PropertyValueSpecification","valueRequired":true,"valueName":"search_term_string"}}],"inLanguage":"pl-PL"},{"@type":"Organization","@id":"https:\/\/umig.olkusz.pl\/#organization","name":"Urz\u0105d Miasta i Gminy w Olkuszu","url":"https:\/\/umig.olkusz.pl\/","logo":{"@type":"ImageObject","inLanguage":"pl-PL","@id":"https:\/\/umig.olkusz.pl\/#\/schema\/logo\/image\/","url":"https:\/\/umig.olkusz.pl\/wp-content\/uploads\/2023\/03\/herb_strona.jpg","contentUrl":"https:\/\/umig.olkusz.pl\/wp-content\/uploads\/2023\/03\/herb_strona.jpg","width":614,"height":658,"caption":"Urz\u0105d Miasta i Gminy w Olkuszu"},"image":{"@id":"https:\/\/umig.olkusz.pl\/#\/schema\/logo\/image\/"},"sameAs":["https:\/\/www.facebook.com\/olkuszsrebrnemiasto"]}]}},"_links":{"self":[{"href":"https:\/\/umig.olkusz.pl\/index.php\/wp-json\/wp\/v2\/pages\/4736","targetHints":{"allow":["GET"]}}],"collection":[{"href":"https:\/\/umig.olkusz.pl\/index.php\/wp-json\/wp\/v2\/pages"}],"about":[{"href":"https:\/\/umig.olkusz.pl\/index.php\/wp-json\/wp\/v2\/types\/page"}],"author":[{"embeddable":true,"href":"https:\/\/umig.olkusz.pl\/index.php\/wp-json\/wp\/v2\/users\/3"}],"replies":[{"embeddable":true,"href":"https:\/\/umig.olkusz.pl\/index.php\/wp-json\/wp\/v2\/comments?post=4736"}],"version-history":[{"count":4,"href":"https:\/\/umig.olkusz.pl\/index.php\/wp-json\/wp\/v2\/pages\/4736\/revisions"}],"predecessor-version":[{"id":4741,"href":"https:\/\/umig.olkusz.pl\/index.php\/wp-json\/wp\/v2\/pages\/4736\/revisions\/4741"}],"wp:attachment":[{"href":"https:\/\/umig.olkusz.pl\/index.php\/wp-json\/wp\/v2\/media?parent=4736"}],"curies":[{"name":"wp","href":"https:\/\/api.w.org\/{rel}","templated":true}]}}