{"id":4332,"date":"2023-10-27T11:58:01","date_gmt":"2023-10-27T09:58:01","guid":{"rendered":"https:\/\/nowa.umig.olkusz.pl\/?page_id=4332"},"modified":"2026-01-12T10:30:46","modified_gmt":"2026-01-12T09:30:46","slug":"deklaracja-dostepnosci","status":"publish","type":"page","link":"https:\/\/umig.olkusz.pl\/index.php\/deklaracja-dostepnosci\/","title":{"rendered":"Deklaracja dost\u0119pno\u015bci"},"content":{"rendered":"\t\t<div data-elementor-type=\"wp-page\" data-elementor-id=\"4332\" class=\"elementor elementor-4332\" data-elementor-post-type=\"page\">\n\t\t\t\t<div class=\"elementor-element elementor-element-8f5110c e-flex e-con-boxed e-con e-parent\" data-id=\"8f5110c\" data-element_type=\"container\" data-e-type=\"container\">\n\t\t\t\t\t<div class=\"e-con-inner\">\n\t\t\t\t<div class=\"elementor-element elementor-element-e90588c elementor-widget elementor-widget-text-editor\" data-id=\"e90588c\" data-element_type=\"widget\" data-e-type=\"widget\" data-widget_type=\"text-editor.default\">\n\t\t\t\t<div class=\"elementor-widget-container\">\n\t\t\t\t\t\t\t\t\t<div>\n<h3>Wst\u0119p deklaracji<\/h3>\n<p>Urz\u0105d Miasta i Gminy w Olkuszu zobowi\u0105zuje si\u0119 zapewni\u0107 dost\u0119pno\u015b\u0107 swojej strony internetowej zgodnie z przepisami ustawy z dnia 4 kwietnia 2019 r. o dost\u0119pno\u015bci cyfrowej stron internetowych i aplikacji mobilnych podmiot\u00f3w publicznych. O\u015bwiadczenie w sprawie dost\u0119pno\u015bci ma zastosowanie do strony internetowej dost\u0119pnej pod adresem <a href=\"http:\/\/www.umig.olkusz.pl\/\">www.umig.olkusz.pl<\/a> lub <a href=\"http:\/\/www.olkusz.eu\">www.olkusz.eu<\/a>.<\/p>\n<\/div>\n<div>\n<p>Dane teleadresowe jednostki:<\/p>\n<div>\n<p>Urz\u0105d Miasta i Gminy w Olkuszu<br>ul. Rynek 1<br>32-300 Olkusz<br>Informacja: tel. 32 626 01 00,<br>Sekretariat: tel. 32 626 02 18, 32 626 02 24<br>fax. 32 626 02 17<br>e-mail: <a href=\"mailto:poczta@umig.olkusz.pl\" rel=\"alternate\">poczta@umig.olkusz.pl<\/a>, <a href=\"mailto:burmistrz@umig.olkusz.pl\" rel=\"alternate\">burmistrz@umig.olkusz.pl<\/a><br>Adres Elektronicznej Skrzynki Podawczej na platformie ePUAP: \/il751m3lrx\/skrytka<\/p>\n<\/div>\n<\/div>\n<div>\n<p>Data publikacji strony internetowej: 2008-09-26<\/p>\n<p>Data ostatniej istotnej aktualizacji: 2025-04-01<\/p>\n<\/div>\n<div>\n<p>Strona podmiotowa jest zgodna z ustaw\u0105 z dnia 4 kwietnia 2019 r. o dost\u0119pno\u015bci cyfrowej stron internetowych i aplikacji mobilnych podmiot\u00f3w publicznych. Ewentualne niezgodno\u015bci wynikaj\u0105 z powod\u00f3w wskazanych poni\u017cej:<\/p>\n<ul>\n<li>Zamieszczone na stronie internetowej informacje, w postaci artyku\u0142\u00f3w lub za\u0142\u0105cznik\u00f3w, nie s\u0105 dost\u0119pne cyfrowo w ca\u0142o\u015bci: zosta\u0142y opublikowane przed 2020-09-23 lub nie s\u0105 wykorzystywane do realizacji bie\u017c\u0105cych zada\u0144 Urz\u0119du Miasta i Gminy w Olkuszu.<\/li>\n<li>Cz\u0119\u015b\u0107 zamieszczonych na stronie informacji, w tym pochodz\u0105cych od podmiot\u00f3w zewn\u0119trznych oraz przekazanych do publikacji wy\u0142\u0105cznie w postaci papierowej wymagaj\u0105cej przetworzenia do postaci elektronicznej, opublikowano w postaci za\u0142\u0105cznik\u00f3w w formie skan\u00f3w.<\/li>\n<\/ul>\n<\/div>\n<div>\n<h3>U\u0142atwienia na stronie internetowej<\/h3>\n<p>Strona internetowa posiada nast\u0119puj\u0105ce u\u0142atwienia:<\/p>\n<ul>\n<li>podwy\u017cszony kontrast (czarne t\u0142o, \u017c\u00f3\u0142te litery)<\/li>\n<li>mo\u017cliwo\u015b\u0107 powi\u0119kszenia wielko\u015bci liter na stronie<\/li>\n<li>tryb nocny<\/li>\n<li>focus wok\u00f3\u0142 element\u00f3w nawigacyjnych<\/li>\n<\/ul>\n<\/div>\n<div>\n<h3>Data sporz\u0105dzenia deklaracji<\/h3>\n<p>Deklaracj\u0119 sporz\u0105dzenia deklaracji: 2023-10-27.<\/p>\n<p>Data ostatniej istotnej aktualizacji deklaracji: 2025-04-11.<\/p>\n<p>Deklaracj\u0119 sporz\u0105dzono na podstawie samooceny przeprowadzonej przez przeszkolonych pracownik\u00f3w Urz\u0119du Miasta i Gminy w Olkuszu.<\/p>\n<\/div>\n<div>\n<h3>Skr\u00f3ty klawiaturowe<\/h3>\n<p>Na stronie internetowej mo\u017cna u\u017cywa\u0107 standardowych skr\u00f3t\u00f3w klawiaturowych przegl\u0105darki.<\/p>\n<\/div>\n<div>\n<h3>Informacje zwrotne i dane kontaktowe<\/h3>\n<p>Osoba do kontaktu w sprawie dost\u0119pno\u015bci: Przemys\u0142aw Solecki (dotyczy powiadomie\u0144 o braku dost\u0119pno\u015bci cyfrowej oraz \u017c\u0105da\u0144 zapewnienia dost\u0119pno\u015bci cyfrowej lub dost\u0119pu alternatywnego)<br>e-mail: <a href=\"mailto:p.solecki@umig.olkusz.pl\" rel=\"alternate\">p.solecki@umig.olkusz.pl<\/a><br>Telefon: 32 626 01 47<\/p>\n<\/div>\n<div>\n<h3>Procedura wnioskowo-skargowa<\/h3>\n<p>Uprzejmie informujemy, \u017ce zgodnie z ustaw\u0105 z dnia 4 kwietnia 2019 r. o dost\u0119pno\u015bci cyfrowej stron internetowych i aplikacji mobilnych podmiot\u00f3w publicznych ka\u017cdy ma prawo wyst\u0105pi\u0107 do podmiotu publicznego z \u017c\u0105daniem udost\u0119pnienia cyfrowego wskazanej strony internetowej, aplikacji mobilnej lub ich element\u00f3w, ewentualnie zapewnienia dost\u0119pu alternatywnego, na warunkach okre\u015blonych w ustawie. W przypadku odmowy wnosz\u0105cy \u017c\u0105danie mo\u017cne z\u0142o\u017cy\u0107 skarg\u0119 z zastosowaniem przepis\u00f3w ustawy z dnia 14 czerwca 1960 r. Kodeks post\u0119powania administracyjnego, a tak\u017ce powiadomi\u0107 Rzecznika Praw Obywatelskich: <a title=\"Oficjalna strona Rzecznika Praw Obywatelskich\" href=\"http:\/\/www.rpo.gov.pl\" target=\"_blank\" rel=\"noopener\">www.rpo.gov.pl<\/a><\/p>\n<\/div>\n<div>\n<h3>Dost\u0119pno\u015b\u0107 architektoniczna<\/h3>\n<p>Siedziba Urz\u0119du Miasta i Gminy w Olkuszu<\/p>\n<p>Wej\u015bcie g\u0142\u00f3wne do budynku umo\u017cliwia podjazd dla os\u00f3b niepe\u0142nosprawnych poruszaj\u0105cych si\u0119 na w\u00f3zkach inwalidzkich. Budynek nie jest wyposa\u017cony w wind\u0119 umo\u017cliwiaj\u0105c\u0105 dost\u0119p os\u00f3b niepe\u0142nosprawnych na pierwsze i drugie pi\u0119tro. Klient Urz\u0119du Miasta i Gminy w Olkuszu w punkcie informacyjno-podawczym znajduj\u0105cym si\u0119 przy wej\u015bciu g\u0142\u00f3wnym na parterze budynku mo\u017ce za\u017c\u0105da\u0107 za\u0142atwienia sprawy na parterze budynku. Pracownik Urz\u0119du schodzi do klienta po zawiadomieniu przez osob\u0119 wnioskuj\u0105c\u0105 lub bezpo\u015brednio przez pracownika punktu informacyjno-podawczego o konieczno\u015bci obs\u0142ugi klienta z niepe\u0142nosprawno\u015bci\u0105 ruchow\u0105. Przy budynku znajduj\u0105 si\u0119 miejsca parkingowe, z kt\u00f3rych mog\u0105 korzysta\u0107 osoby niepe\u0142nosprawne. Na parterze znajduje si\u0119 toaleta dla dostosowana do potrzeb os\u00f3b z niepe\u0142nosprawno\u015bciami.&nbsp;Urz\u0105d Miasta i Gminy w Olkuszu udost\u0119pnia us\u0142ugi pomocy t\u0142umacza j\u0119zyka migowego (t\u0142umacz dost\u0119pny bezzw\u0142ocznie on-line na wyznaczonym stanowisku).<\/p>\n<\/div>\t\t\t\t\t\t\t\t<\/div>\n\t\t\t\t<\/div>\n\t\t\t\t\t<\/div>\n\t\t\t\t<\/div>\n\t\t\t\t<\/div>\n\t\t","protected":false},"excerpt":{"rendered":"<p>Wst\u0119p deklaracji Urz\u0105d Miasta i Gminy w Olkuszu zobowi\u0105zuje si\u0119 zapewni\u0107 dost\u0119pno\u015b\u0107 swojej strony internetowej zgodnie z przepisami ustawy z dnia 4 kwietnia 2019 r. o dost\u0119pno\u015bci cyfrowej stron internetowych i aplikacji mobilnych podmiot\u00f3w publicznych. O\u015bwiadczenie w sprawie dost\u0119pno\u015bci ma zastosowanie do strony internetowej dost\u0119pnej pod adresem www.umig.olkusz.pl lub www.olkusz.eu. Dane teleadresowe jednostki: Urz\u0105d Miasta [&hellip;]<\/p>\n","protected":false},"author":3,"featured_media":0,"parent":0,"menu_order":0,"comment_status":"closed","ping_status":"closed","template":"","meta":{"ngg_post_thumbnail":0,"footnotes":""},"class_list":["post-4332","page","type-page","status-publish","hentry"],"yoast_head":"<!-- This site is optimized with the Yoast SEO plugin v27.2 - https:\/\/yoast.com\/product\/yoast-seo-wordpress\/ -->\n<title>Deklaracja dost\u0119pno\u015bci - Urz\u0105d Miasta i Gminy w Olkuszu<\/title>\n<meta name=\"robots\" content=\"index, follow, max-snippet:-1, max-image-preview:large, max-video-preview:-1\" \/>\n<link rel=\"canonical\" href=\"https:\/\/umig.olkusz.pl\/index.php\/deklaracja-dostepnosci\/\" \/>\n<meta property=\"og:locale\" content=\"pl_PL\" \/>\n<meta property=\"og:type\" content=\"article\" \/>\n<meta property=\"og:title\" content=\"Deklaracja dost\u0119pno\u015bci - Urz\u0105d Miasta i Gminy w Olkuszu\" \/>\n<meta property=\"og:description\" content=\"Wst\u0119p deklaracji Urz\u0105d Miasta i Gminy w Olkuszu zobowi\u0105zuje si\u0119 zapewni\u0107 dost\u0119pno\u015b\u0107 swojej strony internetowej zgodnie z przepisami ustawy z dnia 4 kwietnia 2019 r. o dost\u0119pno\u015bci cyfrowej stron internetowych i aplikacji mobilnych podmiot\u00f3w publicznych. O\u015bwiadczenie w sprawie dost\u0119pno\u015bci ma zastosowanie do strony internetowej dost\u0119pnej pod adresem www.umig.olkusz.pl lub www.olkusz.eu. Dane teleadresowe jednostki: Urz\u0105d Miasta [&hellip;]\" \/>\n<meta property=\"og:url\" content=\"https:\/\/umig.olkusz.pl\/index.php\/deklaracja-dostepnosci\/\" \/>\n<meta property=\"og:site_name\" content=\"Urz\u0105d Miasta i Gminy w Olkuszu\" \/>\n<meta property=\"article:publisher\" content=\"https:\/\/www.facebook.com\/olkuszsrebrnemiasto\" \/>\n<meta property=\"article:modified_time\" content=\"2026-01-12T09:30:46+00:00\" \/>\n<meta name=\"twitter:card\" content=\"summary_large_image\" \/>\n<meta name=\"twitter:label1\" content=\"Szacowany czas czytania\" \/>\n\t<meta name=\"twitter:data1\" content=\"4 minuty\" \/>\n<script type=\"application\/ld+json\" class=\"yoast-schema-graph\">{\"@context\":\"https:\/\/schema.org\",\"@graph\":[{\"@type\":\"WebPage\",\"@id\":\"https:\/\/umig.olkusz.pl\/index.php\/deklaracja-dostepnosci\/\",\"url\":\"https:\/\/umig.olkusz.pl\/index.php\/deklaracja-dostepnosci\/\",\"name\":\"Deklaracja dost\u0119pno\u015bci - Urz\u0105d Miasta i Gminy w Olkuszu\",\"isPartOf\":{\"@id\":\"https:\/\/umig.olkusz.pl\/#website\"},\"datePublished\":\"2023-10-27T09:58:01+00:00\",\"dateModified\":\"2026-01-12T09:30:46+00:00\",\"breadcrumb\":{\"@id\":\"https:\/\/umig.olkusz.pl\/index.php\/deklaracja-dostepnosci\/#breadcrumb\"},\"inLanguage\":\"pl-PL\",\"potentialAction\":[{\"@type\":\"ReadAction\",\"target\":[\"https:\/\/umig.olkusz.pl\/index.php\/deklaracja-dostepnosci\/\"]}]},{\"@type\":\"BreadcrumbList\",\"@id\":\"https:\/\/umig.olkusz.pl\/index.php\/deklaracja-dostepnosci\/#breadcrumb\",\"itemListElement\":[{\"@type\":\"ListItem\",\"position\":1,\"name\":\"Strona g\u0142\u00f3wna\",\"item\":\"https:\/\/umig.olkusz.pl\/\"},{\"@type\":\"ListItem\",\"position\":2,\"name\":\"Deklaracja dost\u0119pno\u015bci\"}]},{\"@type\":\"WebSite\",\"@id\":\"https:\/\/umig.olkusz.pl\/#website\",\"url\":\"https:\/\/umig.olkusz.pl\/\",\"name\":\"Urz\u0105d Miasta i Gminy w Olkuszu\",\"description\":\"Urz\u0105d Miasta i Gminy w Olkuszu\",\"publisher\":{\"@id\":\"https:\/\/umig.olkusz.pl\/#organization\"},\"potentialAction\":[{\"@type\":\"SearchAction\",\"target\":{\"@type\":\"EntryPoint\",\"urlTemplate\":\"https:\/\/umig.olkusz.pl\/?s={search_term_string}\"},\"query-input\":{\"@type\":\"PropertyValueSpecification\",\"valueRequired\":true,\"valueName\":\"search_term_string\"}}],\"inLanguage\":\"pl-PL\"},{\"@type\":\"Organization\",\"@id\":\"https:\/\/umig.olkusz.pl\/#organization\",\"name\":\"Urz\u0105d Miasta i Gminy w Olkuszu\",\"url\":\"https:\/\/umig.olkusz.pl\/\",\"logo\":{\"@type\":\"ImageObject\",\"inLanguage\":\"pl-PL\",\"@id\":\"https:\/\/umig.olkusz.pl\/#\/schema\/logo\/image\/\",\"url\":\"https:\/\/umig.olkusz.pl\/wp-content\/uploads\/2023\/03\/herb_strona.jpg\",\"contentUrl\":\"https:\/\/umig.olkusz.pl\/wp-content\/uploads\/2023\/03\/herb_strona.jpg\",\"width\":614,\"height\":658,\"caption\":\"Urz\u0105d Miasta i Gminy w Olkuszu\"},\"image\":{\"@id\":\"https:\/\/umig.olkusz.pl\/#\/schema\/logo\/image\/\"},\"sameAs\":[\"https:\/\/www.facebook.com\/olkuszsrebrnemiasto\"]}]}<\/script>\n<!-- \/ Yoast SEO plugin. -->","yoast_head_json":{"title":"Deklaracja dost\u0119pno\u015bci - Urz\u0105d Miasta i Gminy w Olkuszu","robots":{"index":"index","follow":"follow","max-snippet":"max-snippet:-1","max-image-preview":"max-image-preview:large","max-video-preview":"max-video-preview:-1"},"canonical":"https:\/\/umig.olkusz.pl\/index.php\/deklaracja-dostepnosci\/","og_locale":"pl_PL","og_type":"article","og_title":"Deklaracja dost\u0119pno\u015bci - Urz\u0105d Miasta i Gminy w Olkuszu","og_description":"Wst\u0119p deklaracji Urz\u0105d Miasta i Gminy w Olkuszu zobowi\u0105zuje si\u0119 zapewni\u0107 dost\u0119pno\u015b\u0107 swojej strony internetowej zgodnie z przepisami ustawy z dnia 4 kwietnia 2019 r. o dost\u0119pno\u015bci cyfrowej stron internetowych i aplikacji mobilnych podmiot\u00f3w publicznych. O\u015bwiadczenie w sprawie dost\u0119pno\u015bci ma zastosowanie do strony internetowej dost\u0119pnej pod adresem www.umig.olkusz.pl lub www.olkusz.eu. Dane teleadresowe jednostki: Urz\u0105d Miasta [&hellip;]","og_url":"https:\/\/umig.olkusz.pl\/index.php\/deklaracja-dostepnosci\/","og_site_name":"Urz\u0105d Miasta i Gminy w Olkuszu","article_publisher":"https:\/\/www.facebook.com\/olkuszsrebrnemiasto","article_modified_time":"2026-01-12T09:30:46+00:00","twitter_card":"summary_large_image","twitter_misc":{"Szacowany czas czytania":"4 minuty"},"schema":{"@context":"https:\/\/schema.org","@graph":[{"@type":"WebPage","@id":"https:\/\/umig.olkusz.pl\/index.php\/deklaracja-dostepnosci\/","url":"https:\/\/umig.olkusz.pl\/index.php\/deklaracja-dostepnosci\/","name":"Deklaracja dost\u0119pno\u015bci - Urz\u0105d Miasta i Gminy w Olkuszu","isPartOf":{"@id":"https:\/\/umig.olkusz.pl\/#website"},"datePublished":"2023-10-27T09:58:01+00:00","dateModified":"2026-01-12T09:30:46+00:00","breadcrumb":{"@id":"https:\/\/umig.olkusz.pl\/index.php\/deklaracja-dostepnosci\/#breadcrumb"},"inLanguage":"pl-PL","potentialAction":[{"@type":"ReadAction","target":["https:\/\/umig.olkusz.pl\/index.php\/deklaracja-dostepnosci\/"]}]},{"@type":"BreadcrumbList","@id":"https:\/\/umig.olkusz.pl\/index.php\/deklaracja-dostepnosci\/#breadcrumb","itemListElement":[{"@type":"ListItem","position":1,"name":"Strona g\u0142\u00f3wna","item":"https:\/\/umig.olkusz.pl\/"},{"@type":"ListItem","position":2,"name":"Deklaracja dost\u0119pno\u015bci"}]},{"@type":"WebSite","@id":"https:\/\/umig.olkusz.pl\/#website","url":"https:\/\/umig.olkusz.pl\/","name":"Urz\u0105d Miasta i Gminy w Olkuszu","description":"Urz\u0105d Miasta i Gminy w Olkuszu","publisher":{"@id":"https:\/\/umig.olkusz.pl\/#organization"},"potentialAction":[{"@type":"SearchAction","target":{"@type":"EntryPoint","urlTemplate":"https:\/\/umig.olkusz.pl\/?s={search_term_string}"},"query-input":{"@type":"PropertyValueSpecification","valueRequired":true,"valueName":"search_term_string"}}],"inLanguage":"pl-PL"},{"@type":"Organization","@id":"https:\/\/umig.olkusz.pl\/#organization","name":"Urz\u0105d Miasta i Gminy w Olkuszu","url":"https:\/\/umig.olkusz.pl\/","logo":{"@type":"ImageObject","inLanguage":"pl-PL","@id":"https:\/\/umig.olkusz.pl\/#\/schema\/logo\/image\/","url":"https:\/\/umig.olkusz.pl\/wp-content\/uploads\/2023\/03\/herb_strona.jpg","contentUrl":"https:\/\/umig.olkusz.pl\/wp-content\/uploads\/2023\/03\/herb_strona.jpg","width":614,"height":658,"caption":"Urz\u0105d Miasta i Gminy w Olkuszu"},"image":{"@id":"https:\/\/umig.olkusz.pl\/#\/schema\/logo\/image\/"},"sameAs":["https:\/\/www.facebook.com\/olkuszsrebrnemiasto"]}]}},"_links":{"self":[{"href":"https:\/\/umig.olkusz.pl\/index.php\/wp-json\/wp\/v2\/pages\/4332","targetHints":{"allow":["GET"]}}],"collection":[{"href":"https:\/\/umig.olkusz.pl\/index.php\/wp-json\/wp\/v2\/pages"}],"about":[{"href":"https:\/\/umig.olkusz.pl\/index.php\/wp-json\/wp\/v2\/types\/page"}],"author":[{"embeddable":true,"href":"https:\/\/umig.olkusz.pl\/index.php\/wp-json\/wp\/v2\/users\/3"}],"replies":[{"embeddable":true,"href":"https:\/\/umig.olkusz.pl\/index.php\/wp-json\/wp\/v2\/comments?post=4332"}],"version-history":[{"count":25,"href":"https:\/\/umig.olkusz.pl\/index.php\/wp-json\/wp\/v2\/pages\/4332\/revisions"}],"predecessor-version":[{"id":13153,"href":"https:\/\/umig.olkusz.pl\/index.php\/wp-json\/wp\/v2\/pages\/4332\/revisions\/13153"}],"wp:attachment":[{"href":"https:\/\/umig.olkusz.pl\/index.php\/wp-json\/wp\/v2\/media?parent=4332"}],"curies":[{"name":"wp","href":"https:\/\/api.w.org\/{rel}","templated":true}]}}