{"id":3167,"date":"2023-06-22T19:03:43","date_gmt":"2023-06-22T17:03:43","guid":{"rendered":"https:\/\/nowa.umig.olkusz.pl\/?page_id=3167"},"modified":"2026-03-03T13:25:33","modified_gmt":"2026-03-03T12:25:33","slug":"urzad-miasta-i-gminy-w-olkuszu","status":"publish","type":"page","link":"https:\/\/umig.olkusz.pl\/index.php\/urzad-miasta-i-gminy-w-olkuszu\/","title":{"rendered":"Urz\u0105d Miasta i Gminy w Olkuszu"},"content":{"rendered":"\t\t<div data-elementor-type=\"wp-page\" data-elementor-id=\"3167\" class=\"elementor elementor-3167\" data-elementor-post-type=\"page\">\n\t\t\t\t<div class=\"elementor-element elementor-element-4149279 e-con-full e-flex e-con e-parent\" data-id=\"4149279\" data-element_type=\"container\" data-e-type=\"container\">\n\t\t<div class=\"elementor-element elementor-element-a67d58f e-con-full e-flex e-con e-child\" data-id=\"a67d58f\" data-element_type=\"container\" data-e-type=\"container\" data-settings=\"{&quot;background_background&quot;:&quot;slideshow&quot;,&quot;background_slideshow_gallery&quot;:[{&quot;id&quot;:3174,&quot;url&quot;:&quot;https:\\\/\\\/nowa.umig.olkusz.pl\\\/wp-content\\\/uploads\\\/2023\\\/06\\\/zdjecie_umig.jpg&quot;}],&quot;background_slideshow_loop&quot;:&quot;yes&quot;,&quot;background_slideshow_slide_duration&quot;:5000,&quot;background_slideshow_slide_transition&quot;:&quot;fade&quot;,&quot;background_slideshow_transition_duration&quot;:500}\">\n\t\t\t\t<\/div>\n\t\t<div class=\"elementor-element elementor-element-405625c2 e-con-full e-flex e-con e-child\" data-id=\"405625c2\" data-element_type=\"container\" data-e-type=\"container\" data-settings=\"{&quot;background_background&quot;:&quot;classic&quot;}\">\n\t\t\t\t<div class=\"elementor-element elementor-element-5388bf93 elementor-widget elementor-widget-heading\" data-id=\"5388bf93\" data-element_type=\"widget\" data-e-type=\"widget\" data-widget_type=\"heading.default\">\n\t\t\t\t<div class=\"elementor-widget-container\">\n\t\t\t\t\t<h1 class=\"elementor-heading-title elementor-size-default\">Urz\u0105d Miasta i Gminy w Olkuszu<\/h1>\t\t\t\t<\/div>\n\t\t\t\t<\/div>\n\t\t\t\t<div class=\"elementor-element elementor-element-de07652 elementor-widget elementor-widget-text-editor\" data-id=\"de07652\" data-element_type=\"widget\" data-e-type=\"widget\" data-widget_type=\"text-editor.default\">\n\t\t\t\t<div class=\"elementor-widget-container\">\n\t\t\t\t\t\t\t\t\t<p>32-300 Olkusz, ul. Rynek 1<br \/>tel. 32 626 01 00<br \/>e-mail: poczta@umig.olkusz.pl<\/p><p>Adres Elektronicznej Skrzynki Podawczej na platformie ePUAP: \/il751m3lrx\/skrytka<\/p><p>Adres do e-dor\u0119cze\u0144: AE:PL-18561-74339-UUGJE-23<\/p><p><strong>Godziny pracy Urz\u0119du<\/strong><br \/>poniedzia\u0142ek\u00a0 8.00 &#8211; 16.00<br \/>wtorek-pi\u0105tek 7.00 &#8211; 15.00<\/p><p><strong>Godziny pracy kasy Urz\u0119du<\/strong><br \/>poniedzia\u0142ek\u00a0 8.00 &#8211; 15.30<br \/>wtorek-pi\u0105tek 7.00 &#8211; 14.30<\/p><p><strong>Sekretariat Burmistrza<\/strong><br \/>tel. 32 6260218<\/p><p><strong>Sekretariat Zast\u0119pc\u00f3w Burmistrza<\/strong><br \/>tel. 32 6260224<\/p><p><strong>NIP Urz\u0119du Miasta i Gminy w Olkuszu<br \/><\/strong>637 01 10 882<strong><br \/><\/strong><\/p><p><strong>NIP Gminy Olkusz<\/strong><br \/>637 19 98 042<\/p><p><strong>Konto: Bank Pekao S.A. o\/Olkusz<\/strong><br \/>68 1240 4748 1111 0000 4868 5216<\/p>\t\t\t\t\t\t\t\t<\/div>\n\t\t\t\t<\/div>\n\t\t\t\t<\/div>\n\t\t\t\t<\/div>\n\t\t<div class=\"elementor-element elementor-element-5b4a82eb e-flex e-con-boxed e-con e-parent\" data-id=\"5b4a82eb\" data-element_type=\"container\" data-e-type=\"container\">\n\t\t\t\t\t<div class=\"e-con-inner\">\n\t\t<div class=\"elementor-element elementor-element-6c1da5a0 e-con-full e-flex e-con e-child\" data-id=\"6c1da5a0\" data-element_type=\"container\" data-e-type=\"container\">\n\t\t\t\t<div class=\"elementor-element elementor-element-60a228ed elementor-blockquote--skin-border elementor-widget elementor-widget-blockquote\" data-id=\"60a228ed\" data-element_type=\"widget\" data-e-type=\"widget\" data-widget_type=\"blockquote.default\">\n\t\t\t\t<div class=\"elementor-widget-container\">\n\t\t\t\t\t\t\t<blockquote class=\"elementor-blockquote\">\n\t\t\t<p class=\"elementor-blockquote__content\">\n\t\t\t\tUrz\u0105d Miasta i Gminy w Olkuszu udost\u0119pnia us\u0142ugi dla os\u00f3b do\u015bwiadczaj\u0105cych trwale lub okresowo trudno\u015bci w komunikowaniu si\u0119. Us\u0142ugi te polegaj\u0105 na zapewnieniu mo\u017cliwo\u015bci korzystania z pomocy t\u0142umacza j\u0119zyka migowego (t\u0142umacz dost\u0119pny bezzw\u0142ocznie on-line na wyznaczonym stanowisku), korzystania z poczty elektronicznej (adres: poczta@umig.olkusz.pl), strony internetowej spe\u0142niaj\u0105cej standardy dost\u0119pno\u015bci dla os\u00f3b niepe\u0142nosprawnych.<br>W budynku znajduje si\u0119 defibrylator AED.\t\t\t<\/p>\n\t\t\t\t\t<\/blockquote>\n\t\t\t\t\t\t<\/div>\n\t\t\t\t<\/div>\n\t\t\t\t<\/div>\n\t\t\t\t\t<\/div>\n\t\t\t\t<\/div>\n\t\t<div class=\"elementor-element elementor-element-2671a34 e-flex e-con-boxed e-con e-parent\" data-id=\"2671a34\" data-element_type=\"container\" data-e-type=\"container\">\n\t\t\t\t\t<div class=\"e-con-inner\">\n\t\t<div class=\"elementor-element elementor-element-33d265d e-con-full e-flex e-con e-child\" data-id=\"33d265d\" data-element_type=\"container\" data-e-type=\"container\">\n\t\t\t\t<div class=\"elementor-element elementor-element-01a4922 elementor-widget elementor-widget-heading\" data-id=\"01a4922\" data-element_type=\"widget\" data-e-type=\"widget\" data-widget_type=\"heading.default\">\n\t\t\t\t<div class=\"elementor-widget-container\">\n\t\t\t\t\t<div class=\"elementor-heading-title elementor-size-default\">Numer rachunku pomocniczego dla podatk\u00f3w i op\u0142at lokalnych<\/div>\t\t\t\t<\/div>\n\t\t\t\t<\/div>\n\t\t\t\t<div class=\"elementor-element elementor-element-f424d18 elementor-widget-divider--view-line elementor-widget elementor-widget-divider\" data-id=\"f424d18\" data-element_type=\"widget\" data-e-type=\"widget\" data-widget_type=\"divider.default\">\n\t\t\t\t<div class=\"elementor-widget-container\">\n\t\t\t\t\t\t\t<div class=\"elementor-divider\">\n\t\t\t<span class=\"elementor-divider-separator\">\n\t\t\t\t\t\t<\/span>\n\t\t<\/div>\n\t\t\t\t\t\t<\/div>\n\t\t\t\t<\/div>\n\t\t\t\t<div class=\"elementor-element elementor-element-e0a3d42 elementor-widget elementor-widget-text-editor\" data-id=\"e0a3d42\" data-element_type=\"widget\" data-e-type=\"widget\" data-widget_type=\"text-editor.default\">\n\t\t\t\t<div class=\"elementor-widget-container\">\n\t\t\t\t\t\t\t\t\t<p>Bank Pekao S.A o\/Olkusz<br \/><strong>32 1240 2294 1111 0010 2264 9530<\/strong><br \/>na powy\u017cszy rachunek osoby fizyczne, osoby prawne i jednostki nieposiadaj\u0105ce osobowo\u015bci prawnej winny wp\u0142aca\u0107:<\/p><ul><li>podatki: rolny, le\u015bny, od nieruchomo\u015bci i od \u015brodk\u00f3w transportowych,<\/li><li>op\u0142at\u0119 skarbow\u0105,<\/li><li>mandaty.<\/li><\/ul>\t\t\t\t\t\t\t\t<\/div>\n\t\t\t\t<\/div>\n\t\t\t\t<\/div>\n\t\t\t\t\t<\/div>\n\t\t\t\t<\/div>\n\t\t<div class=\"elementor-element elementor-element-6f29a1e e-flex e-con-boxed e-con e-parent\" data-id=\"6f29a1e\" data-element_type=\"container\" data-e-type=\"container\">\n\t\t\t\t\t<div class=\"e-con-inner\">\n\t\t<div class=\"elementor-element elementor-element-f6e4d3d e-con-full e-flex e-con e-child\" data-id=\"f6e4d3d\" data-element_type=\"container\" data-e-type=\"container\">\n\t\t\t\t<div class=\"elementor-element elementor-element-c3b214b elementor-widget elementor-widget-heading\" data-id=\"c3b214b\" data-element_type=\"widget\" data-e-type=\"widget\" data-widget_type=\"heading.default\">\n\t\t\t\t<div class=\"elementor-widget-container\">\n\t\t\t\t\t<div class=\"elementor-heading-title elementor-size-default\">Op\u0142ata za gospodarowanie odpadami komunalnymi<\/div>\t\t\t\t<\/div>\n\t\t\t\t<\/div>\n\t\t\t\t<div class=\"elementor-element elementor-element-eb5613b elementor-widget-divider--view-line elementor-widget elementor-widget-divider\" data-id=\"eb5613b\" data-element_type=\"widget\" data-e-type=\"widget\" data-widget_type=\"divider.default\">\n\t\t\t\t<div class=\"elementor-widget-container\">\n\t\t\t\t\t\t\t<div class=\"elementor-divider\">\n\t\t\t<span class=\"elementor-divider-separator\">\n\t\t\t\t\t\t<\/span>\n\t\t<\/div>\n\t\t\t\t\t\t<\/div>\n\t\t\t\t<\/div>\n\t\t\t\t<div class=\"elementor-element elementor-element-bf42e52 elementor-widget elementor-widget-text-editor\" data-id=\"bf42e52\" data-element_type=\"widget\" data-e-type=\"widget\" data-widget_type=\"text-editor.default\">\n\t\t\t\t<div class=\"elementor-widget-container\">\n\t\t\t\t\t\t\t\t\t<p>Bank Pekao S.A o\/Olkusz<br \/>88 1240 2294 1111 0010 4938 9482<\/p>\t\t\t\t\t\t\t\t<\/div>\n\t\t\t\t<\/div>\n\t\t\t\t<\/div>\n\t\t\t\t\t<\/div>\n\t\t\t\t<\/div>\n\t\t<div class=\"elementor-element elementor-element-65eaea4 e-flex e-con-boxed e-con e-parent\" data-id=\"65eaea4\" data-element_type=\"container\" data-e-type=\"container\">\n\t\t\t\t\t<div class=\"e-con-inner\">\n\t\t<div class=\"elementor-element elementor-element-eb5d90e e-con-full e-flex e-con e-child\" data-id=\"eb5d90e\" data-element_type=\"container\" data-e-type=\"container\">\n\t\t\t\t<div class=\"elementor-element elementor-element-59fd4ba elementor-widget elementor-widget-heading\" data-id=\"59fd4ba\" data-element_type=\"widget\" data-e-type=\"widget\" data-widget_type=\"heading.default\">\n\t\t\t\t<div class=\"elementor-widget-container\">\n\t\t\t\t\t<div class=\"elementor-heading-title elementor-size-default\">Op\u0142ata z tytu\u0142u wieczystego u\u017cytkowania i dzier\u017cawy<\/div>\t\t\t\t<\/div>\n\t\t\t\t<\/div>\n\t\t\t\t<div class=\"elementor-element elementor-element-0b5f7f7 elementor-widget-divider--view-line elementor-widget elementor-widget-divider\" data-id=\"0b5f7f7\" data-element_type=\"widget\" data-e-type=\"widget\" data-widget_type=\"divider.default\">\n\t\t\t\t<div class=\"elementor-widget-container\">\n\t\t\t\t\t\t\t<div class=\"elementor-divider\">\n\t\t\t<span class=\"elementor-divider-separator\">\n\t\t\t\t\t\t<\/span>\n\t\t<\/div>\n\t\t\t\t\t\t<\/div>\n\t\t\t\t<\/div>\n\t\t\t\t<div class=\"elementor-element elementor-element-3c501ad elementor-widget elementor-widget-text-editor\" data-id=\"3c501ad\" data-element_type=\"widget\" data-e-type=\"widget\" data-widget_type=\"text-editor.default\">\n\t\t\t\t<div class=\"elementor-widget-container\">\n\t\t\t\t\t\t\t\t\t<p>Bank Pekao S.A.<br \/>68 1240 4748 1111 0000 4868 5216<\/p>\t\t\t\t\t\t\t\t<\/div>\n\t\t\t\t<\/div>\n\t\t\t\t<\/div>\n\t\t\t\t\t<\/div>\n\t\t\t\t<\/div>\n\t\t<div class=\"elementor-element elementor-element-fc4017e e-flex e-con-boxed e-con e-parent\" data-id=\"fc4017e\" data-element_type=\"container\" data-e-type=\"container\">\n\t\t\t\t\t<div class=\"e-con-inner\">\n\t\t<div class=\"elementor-element elementor-element-508be37 e-con-full e-flex e-con e-child\" data-id=\"508be37\" data-element_type=\"container\" data-e-type=\"container\">\n\t\t\t\t<div class=\"elementor-element elementor-element-d6b1e6f elementor-widget elementor-widget-heading\" data-id=\"d6b1e6f\" data-element_type=\"widget\" data-e-type=\"widget\" data-widget_type=\"heading.default\">\n\t\t\t\t<div class=\"elementor-widget-container\">\n\t\t\t\t\t<div class=\"elementor-heading-title elementor-size-default\">Dla przebywaj\u0105cych za granic\u0105<\/div>\t\t\t\t<\/div>\n\t\t\t\t<\/div>\n\t\t\t\t<div class=\"elementor-element elementor-element-9f58ce3 elementor-widget-divider--view-line elementor-widget elementor-widget-divider\" data-id=\"9f58ce3\" data-element_type=\"widget\" data-e-type=\"widget\" data-widget_type=\"divider.default\">\n\t\t\t\t<div class=\"elementor-widget-container\">\n\t\t\t\t\t\t\t<div class=\"elementor-divider\">\n\t\t\t<span class=\"elementor-divider-separator\">\n\t\t\t\t\t\t<\/span>\n\t\t<\/div>\n\t\t\t\t\t\t<\/div>\n\t\t\t\t<\/div>\n\t\t\t\t<div class=\"elementor-element elementor-element-485f5c0 elementor-widget elementor-widget-text-editor\" data-id=\"485f5c0\" data-element_type=\"widget\" data-e-type=\"widget\" data-widget_type=\"text-editor.default\">\n\t\t\t\t<div class=\"elementor-widget-container\">\n\t\t\t\t\t\t\t\t\t<p>Bank Name: Bank Pekao S.A.<br \/>Adress of Bank: <br \/>32-300 Olkusz, ul. K.K. Wielkiego 49<br \/>Account Name: Rachunek pomocniczy<br \/>Account Numer: 68 1240 4748 1111 0000 4868 5216<br \/>SWIFT Code: PKOPPLPW<\/p>\t\t\t\t\t\t\t\t<\/div>\n\t\t\t\t<\/div>\n\t\t\t\t<\/div>\n\t\t\t\t\t<\/div>\n\t\t\t\t<\/div>\n\t\t<div class=\"elementor-element elementor-element-c0c6703 e-flex e-con-boxed e-con e-parent\" data-id=\"c0c6703\" data-element_type=\"container\" data-e-type=\"container\">\n\t\t\t\t\t<div class=\"e-con-inner\">\n\t\t\t\t\t<\/div>\n\t\t\t\t<\/div>\n\t\t\t\t<\/div>\n\t\t","protected":false},"excerpt":{"rendered":"<p>Urz\u0105d Miasta i Gminy w Olkuszu 32-300 Olkusz, ul. Rynek 1tel. 32 626 01 00e-mail: poczta@umig.olkusz.pl Adres Elektronicznej Skrzynki Podawczej na platformie ePUAP: \/il751m3lrx\/skrytka Adres do e-dor\u0119cze\u0144: AE:PL-18561-74339-UUGJE-23 Godziny pracy Urz\u0119duponiedzia\u0142ek\u00a0 8.00 &#8211; 16.00wtorek-pi\u0105tek 7.00 &#8211; 15.00 Godziny pracy kasy Urz\u0119duponiedzia\u0142ek\u00a0 8.00 &#8211; 15.30wtorek-pi\u0105tek 7.00 &#8211; 14.30 Sekretariat Burmistrzatel. 32 6260218 Sekretariat Zast\u0119pc\u00f3w Burmistrzatel. 32 [&hellip;]<\/p>\n","protected":false},"author":1,"featured_media":0,"parent":0,"menu_order":0,"comment_status":"closed","ping_status":"closed","template":"","meta":{"ngg_post_thumbnail":0,"footnotes":""},"class_list":["post-3167","page","type-page","status-publish","hentry"],"yoast_head":"<!-- This site is optimized with the Yoast SEO plugin v27.2 - https:\/\/yoast.com\/product\/yoast-seo-wordpress\/ -->\n<title>Urz\u0105d Miasta i Gminy w Olkuszu - Urz\u0105d Miasta i Gminy w Olkuszu<\/title>\n<meta name=\"robots\" content=\"index, follow, max-snippet:-1, max-image-preview:large, max-video-preview:-1\" \/>\n<link rel=\"canonical\" href=\"https:\/\/umig.olkusz.pl\/index.php\/urzad-miasta-i-gminy-w-olkuszu\/\" \/>\n<meta property=\"og:locale\" content=\"pl_PL\" \/>\n<meta property=\"og:type\" content=\"article\" \/>\n<meta property=\"og:title\" content=\"Urz\u0105d Miasta i Gminy w Olkuszu - Urz\u0105d Miasta i Gminy w Olkuszu\" \/>\n<meta property=\"og:description\" content=\"Urz\u0105d Miasta i Gminy w Olkuszu 32-300 Olkusz, ul. Rynek 1tel. 32 626 01 00e-mail: poczta@umig.olkusz.pl Adres Elektronicznej Skrzynki Podawczej na platformie ePUAP: \/il751m3lrx\/skrytka Adres do e-dor\u0119cze\u0144: AE:PL-18561-74339-UUGJE-23 Godziny pracy Urz\u0119duponiedzia\u0142ek\u00a0 8.00 &#8211; 16.00wtorek-pi\u0105tek 7.00 &#8211; 15.00 Godziny pracy kasy Urz\u0119duponiedzia\u0142ek\u00a0 8.00 &#8211; 15.30wtorek-pi\u0105tek 7.00 &#8211; 14.30 Sekretariat Burmistrzatel. 32 6260218 Sekretariat Zast\u0119pc\u00f3w Burmistrzatel. 32 [&hellip;]\" \/>\n<meta property=\"og:url\" content=\"https:\/\/umig.olkusz.pl\/index.php\/urzad-miasta-i-gminy-w-olkuszu\/\" \/>\n<meta property=\"og:site_name\" content=\"Urz\u0105d Miasta i Gminy w Olkuszu\" \/>\n<meta property=\"article:publisher\" content=\"https:\/\/www.facebook.com\/olkuszsrebrnemiasto\" \/>\n<meta property=\"article:modified_time\" content=\"2026-03-03T12:25:33+00:00\" \/>\n<meta name=\"twitter:card\" content=\"summary_large_image\" \/>\n<meta name=\"twitter:label1\" content=\"Szacowany czas czytania\" \/>\n\t<meta name=\"twitter:data1\" content=\"2 minuty\" \/>\n<script type=\"application\/ld+json\" class=\"yoast-schema-graph\">{\"@context\":\"https:\/\/schema.org\",\"@graph\":[{\"@type\":\"WebPage\",\"@id\":\"https:\/\/umig.olkusz.pl\/index.php\/urzad-miasta-i-gminy-w-olkuszu\/\",\"url\":\"https:\/\/umig.olkusz.pl\/index.php\/urzad-miasta-i-gminy-w-olkuszu\/\",\"name\":\"Urz\u0105d Miasta i Gminy w Olkuszu - Urz\u0105d Miasta i Gminy w Olkuszu\",\"isPartOf\":{\"@id\":\"https:\/\/umig.olkusz.pl\/#website\"},\"datePublished\":\"2023-06-22T17:03:43+00:00\",\"dateModified\":\"2026-03-03T12:25:33+00:00\",\"breadcrumb\":{\"@id\":\"https:\/\/umig.olkusz.pl\/index.php\/urzad-miasta-i-gminy-w-olkuszu\/#breadcrumb\"},\"inLanguage\":\"pl-PL\",\"potentialAction\":[{\"@type\":\"ReadAction\",\"target\":[\"https:\/\/umig.olkusz.pl\/index.php\/urzad-miasta-i-gminy-w-olkuszu\/\"]}]},{\"@type\":\"BreadcrumbList\",\"@id\":\"https:\/\/umig.olkusz.pl\/index.php\/urzad-miasta-i-gminy-w-olkuszu\/#breadcrumb\",\"itemListElement\":[{\"@type\":\"ListItem\",\"position\":1,\"name\":\"Strona g\u0142\u00f3wna\",\"item\":\"https:\/\/umig.olkusz.pl\/\"},{\"@type\":\"ListItem\",\"position\":2,\"name\":\"Urz\u0105d Miasta i Gminy w Olkuszu\"}]},{\"@type\":\"WebSite\",\"@id\":\"https:\/\/umig.olkusz.pl\/#website\",\"url\":\"https:\/\/umig.olkusz.pl\/\",\"name\":\"Urz\u0105d Miasta i Gminy w Olkuszu\",\"description\":\"Urz\u0105d Miasta i Gminy w Olkuszu\",\"publisher\":{\"@id\":\"https:\/\/umig.olkusz.pl\/#organization\"},\"potentialAction\":[{\"@type\":\"SearchAction\",\"target\":{\"@type\":\"EntryPoint\",\"urlTemplate\":\"https:\/\/umig.olkusz.pl\/?s={search_term_string}\"},\"query-input\":{\"@type\":\"PropertyValueSpecification\",\"valueRequired\":true,\"valueName\":\"search_term_string\"}}],\"inLanguage\":\"pl-PL\"},{\"@type\":\"Organization\",\"@id\":\"https:\/\/umig.olkusz.pl\/#organization\",\"name\":\"Urz\u0105d Miasta i Gminy w Olkuszu\",\"url\":\"https:\/\/umig.olkusz.pl\/\",\"logo\":{\"@type\":\"ImageObject\",\"inLanguage\":\"pl-PL\",\"@id\":\"https:\/\/umig.olkusz.pl\/#\/schema\/logo\/image\/\",\"url\":\"https:\/\/umig.olkusz.pl\/wp-content\/uploads\/2023\/03\/herb_strona.jpg\",\"contentUrl\":\"https:\/\/umig.olkusz.pl\/wp-content\/uploads\/2023\/03\/herb_strona.jpg\",\"width\":614,\"height\":658,\"caption\":\"Urz\u0105d Miasta i Gminy w Olkuszu\"},\"image\":{\"@id\":\"https:\/\/umig.olkusz.pl\/#\/schema\/logo\/image\/\"},\"sameAs\":[\"https:\/\/www.facebook.com\/olkuszsrebrnemiasto\"]}]}<\/script>\n<!-- \/ Yoast SEO plugin. -->","yoast_head_json":{"title":"Urz\u0105d Miasta i Gminy w Olkuszu - Urz\u0105d Miasta i Gminy w Olkuszu","robots":{"index":"index","follow":"follow","max-snippet":"max-snippet:-1","max-image-preview":"max-image-preview:large","max-video-preview":"max-video-preview:-1"},"canonical":"https:\/\/umig.olkusz.pl\/index.php\/urzad-miasta-i-gminy-w-olkuszu\/","og_locale":"pl_PL","og_type":"article","og_title":"Urz\u0105d Miasta i Gminy w Olkuszu - Urz\u0105d Miasta i Gminy w Olkuszu","og_description":"Urz\u0105d Miasta i Gminy w Olkuszu 32-300 Olkusz, ul. Rynek 1tel. 32 626 01 00e-mail: poczta@umig.olkusz.pl Adres Elektronicznej Skrzynki Podawczej na platformie ePUAP: \/il751m3lrx\/skrytka Adres do e-dor\u0119cze\u0144: AE:PL-18561-74339-UUGJE-23 Godziny pracy Urz\u0119duponiedzia\u0142ek\u00a0 8.00 &#8211; 16.00wtorek-pi\u0105tek 7.00 &#8211; 15.00 Godziny pracy kasy Urz\u0119duponiedzia\u0142ek\u00a0 8.00 &#8211; 15.30wtorek-pi\u0105tek 7.00 &#8211; 14.30 Sekretariat Burmistrzatel. 32 6260218 Sekretariat Zast\u0119pc\u00f3w Burmistrzatel. 32 [&hellip;]","og_url":"https:\/\/umig.olkusz.pl\/index.php\/urzad-miasta-i-gminy-w-olkuszu\/","og_site_name":"Urz\u0105d Miasta i Gminy w Olkuszu","article_publisher":"https:\/\/www.facebook.com\/olkuszsrebrnemiasto","article_modified_time":"2026-03-03T12:25:33+00:00","twitter_card":"summary_large_image","twitter_misc":{"Szacowany czas czytania":"2 minuty"},"schema":{"@context":"https:\/\/schema.org","@graph":[{"@type":"WebPage","@id":"https:\/\/umig.olkusz.pl\/index.php\/urzad-miasta-i-gminy-w-olkuszu\/","url":"https:\/\/umig.olkusz.pl\/index.php\/urzad-miasta-i-gminy-w-olkuszu\/","name":"Urz\u0105d Miasta i Gminy w Olkuszu - Urz\u0105d Miasta i Gminy w Olkuszu","isPartOf":{"@id":"https:\/\/umig.olkusz.pl\/#website"},"datePublished":"2023-06-22T17:03:43+00:00","dateModified":"2026-03-03T12:25:33+00:00","breadcrumb":{"@id":"https:\/\/umig.olkusz.pl\/index.php\/urzad-miasta-i-gminy-w-olkuszu\/#breadcrumb"},"inLanguage":"pl-PL","potentialAction":[{"@type":"ReadAction","target":["https:\/\/umig.olkusz.pl\/index.php\/urzad-miasta-i-gminy-w-olkuszu\/"]}]},{"@type":"BreadcrumbList","@id":"https:\/\/umig.olkusz.pl\/index.php\/urzad-miasta-i-gminy-w-olkuszu\/#breadcrumb","itemListElement":[{"@type":"ListItem","position":1,"name":"Strona g\u0142\u00f3wna","item":"https:\/\/umig.olkusz.pl\/"},{"@type":"ListItem","position":2,"name":"Urz\u0105d Miasta i Gminy w Olkuszu"}]},{"@type":"WebSite","@id":"https:\/\/umig.olkusz.pl\/#website","url":"https:\/\/umig.olkusz.pl\/","name":"Urz\u0105d Miasta i Gminy w Olkuszu","description":"Urz\u0105d Miasta i Gminy w Olkuszu","publisher":{"@id":"https:\/\/umig.olkusz.pl\/#organization"},"potentialAction":[{"@type":"SearchAction","target":{"@type":"EntryPoint","urlTemplate":"https:\/\/umig.olkusz.pl\/?s={search_term_string}"},"query-input":{"@type":"PropertyValueSpecification","valueRequired":true,"valueName":"search_term_string"}}],"inLanguage":"pl-PL"},{"@type":"Organization","@id":"https:\/\/umig.olkusz.pl\/#organization","name":"Urz\u0105d Miasta i Gminy w Olkuszu","url":"https:\/\/umig.olkusz.pl\/","logo":{"@type":"ImageObject","inLanguage":"pl-PL","@id":"https:\/\/umig.olkusz.pl\/#\/schema\/logo\/image\/","url":"https:\/\/umig.olkusz.pl\/wp-content\/uploads\/2023\/03\/herb_strona.jpg","contentUrl":"https:\/\/umig.olkusz.pl\/wp-content\/uploads\/2023\/03\/herb_strona.jpg","width":614,"height":658,"caption":"Urz\u0105d Miasta i Gminy w Olkuszu"},"image":{"@id":"https:\/\/umig.olkusz.pl\/#\/schema\/logo\/image\/"},"sameAs":["https:\/\/www.facebook.com\/olkuszsrebrnemiasto"]}]}},"_links":{"self":[{"href":"https:\/\/umig.olkusz.pl\/index.php\/wp-json\/wp\/v2\/pages\/3167","targetHints":{"allow":["GET"]}}],"collection":[{"href":"https:\/\/umig.olkusz.pl\/index.php\/wp-json\/wp\/v2\/pages"}],"about":[{"href":"https:\/\/umig.olkusz.pl\/index.php\/wp-json\/wp\/v2\/types\/page"}],"author":[{"embeddable":true,"href":"https:\/\/umig.olkusz.pl\/index.php\/wp-json\/wp\/v2\/users\/1"}],"replies":[{"embeddable":true,"href":"https:\/\/umig.olkusz.pl\/index.php\/wp-json\/wp\/v2\/comments?post=3167"}],"version-history":[{"count":55,"href":"https:\/\/umig.olkusz.pl\/index.php\/wp-json\/wp\/v2\/pages\/3167\/revisions"}],"predecessor-version":[{"id":13561,"href":"https:\/\/umig.olkusz.pl\/index.php\/wp-json\/wp\/v2\/pages\/3167\/revisions\/13561"}],"wp:attachment":[{"href":"https:\/\/umig.olkusz.pl\/index.php\/wp-json\/wp\/v2\/media?parent=3167"}],"curies":[{"name":"wp","href":"https:\/\/api.w.org\/{rel}","templated":true}]}}