{"id":11294,"date":"2025-06-18T10:00:47","date_gmt":"2025-06-18T08:00:47","guid":{"rendered":"https:\/\/umig.olkusz.pl\/?page_id=11294"},"modified":"2025-07-15T11:30:21","modified_gmt":"2025-07-15T09:30:21","slug":"gry-miejskie-i-questy","status":"publish","type":"page","link":"https:\/\/umig.olkusz.pl\/index.php\/gry-miejskie-i-questy\/","title":{"rendered":"Gry miejskie i questy"},"content":{"rendered":"\t\t<div data-elementor-type=\"wp-page\" data-elementor-id=\"11294\" class=\"elementor elementor-11294\" data-elementor-post-type=\"page\">\n\t\t\t\t<div class=\"elementor-element elementor-element-5a157fa8 e-flex e-con-boxed e-con e-parent\" data-id=\"5a157fa8\" data-element_type=\"container\" data-e-type=\"container\">\n\t\t\t\t\t<div class=\"e-con-inner\">\n\t\t\t\t<div class=\"elementor-element elementor-element-21cd320c elementor-widget elementor-widget-heading\" data-id=\"21cd320c\" data-element_type=\"widget\" data-e-type=\"widget\" data-widget_type=\"heading.default\">\n\t\t\t\t<div class=\"elementor-widget-container\">\n\t\t\t\t\t<h2 class=\"elementor-heading-title elementor-size-default\">Gry miejskie i questy<\/h2>\t\t\t\t<\/div>\n\t\t\t\t<\/div>\n\t\t\t\t\t<\/div>\n\t\t\t\t<\/div>\n\t\t<div class=\"elementor-element elementor-element-59481a75 e-flex e-con-boxed e-con e-parent\" data-id=\"59481a75\" data-element_type=\"container\" data-e-type=\"container\">\n\t\t\t\t\t<div class=\"e-con-inner\">\n\t\t\t\t<div class=\"elementor-element elementor-element-6320ae83 elementor-widget elementor-widget-heading\" data-id=\"6320ae83\" data-element_type=\"widget\" data-e-type=\"widget\" data-widget_type=\"heading.default\">\n\t\t\t\t<div class=\"elementor-widget-container\">\n\t\t\t\t\t<h2 class=\"elementor-heading-title elementor-size-default\">gry miejskie po olkuszu<\/h2>\t\t\t\t<\/div>\n\t\t\t\t<\/div>\n\t\t\t\t<div class=\"elementor-element elementor-element-219b39ed elementor-widget-divider--view-line elementor-widget elementor-widget-divider\" data-id=\"219b39ed\" data-element_type=\"widget\" data-e-type=\"widget\" data-widget_type=\"divider.default\">\n\t\t\t\t<div class=\"elementor-widget-container\">\n\t\t\t\t\t\t\t<div class=\"elementor-divider\">\n\t\t\t<span class=\"elementor-divider-separator\">\n\t\t\t\t\t\t<\/span>\n\t\t<\/div>\n\t\t\t\t\t\t<\/div>\n\t\t\t\t<\/div>\n\t\t<div class=\"elementor-element elementor-element-289a3890 e-flex e-con-boxed e-con e-child\" data-id=\"289a3890\" data-element_type=\"container\" data-e-type=\"container\">\n\t\t\t\t\t<div class=\"e-con-inner\">\n\t\t<div class=\"elementor-element elementor-element-f176683 e-con-full e-flex e-con e-child\" data-id=\"f176683\" data-element_type=\"container\" data-e-type=\"container\">\n\t\t\t\t<div class=\"elementor-element elementor-element-6fef28f6 elementor-widget elementor-widget-text-editor\" data-id=\"6fef28f6\" data-element_type=\"widget\" data-e-type=\"widget\" data-widget_type=\"text-editor.default\">\n\t\t\t\t<div class=\"elementor-widget-container\">\n\t\t\t\t\t\t\t\t\t<p>Podczas wizyty w naszym mie\u015bcie warto spr\u00f3bowa\u0107 swoich si\u0142, rozwi\u0105zuj\u0105c gry miejskie, kt\u00f3re s\u0105 dostosowane do r\u00f3\u017cnych grup odbiorc\u00f3w, zar\u00f3wno rodzin z dzie\u0107mi, jak i doros\u0142ych turyst\u00f3w. Spaceruj\u0105c <strong>Srebrnym Szlakiem Gwark\u00f3w Olkuskich<\/strong> warto rozwi\u0105za\u0107 ciekawy quest. Karty questu mo\u017cna otrzyma\u0107 w Punkcie Informacji Turystycznej (Rynek 4) lub pobra\u0107 <a href=\"https:\/\/umig.olkusz.pl\/ftp\/quest-gwarki.pdf\">tutaj<\/a>.<\/p>\n<p>Propozycj\u0105 dla najm\u0142odszych s\u0105 w\u0119dr\u00f3wki z Dreptusiem w ramach <strong>Turystycznej Rodzinnej Imprezy Plenerowej<\/strong>, czyli formy gry terenowej \u0142\u0105cz\u0105cej poznawanie ciekawych miejsc z dobr\u0105 zabaw\u0105. &nbsp;Gra miejska \u201eZagadki olkuskiej star\u00f3wki\u201d ma d\u0142ugo\u015b\u0107 oko\u0142o 1,5 km i prowadzi po najciekawszych miejscach starego miasta. Link do pobrania <a href=\"https:\/\/dreptu\u015b.pl\/trips\/olkuszzagadki-olkuskiej-starowki\">karty gry<\/a>.<\/p>\n<p>Z kolei gra miejska \u201eSpacer patriotyczny w 160. rocznic\u0119 powstania styczniowego\u201d to propozycja dla mi\u0142o\u015bnik\u00f3w historii. Trasa ma d\u0142ugo\u015b\u0107 oko\u0142o 3 kilometr\u00f3w i prowadzi po miejscach zwi\u0105zanych z powstaniem styczniowym i walkami o niepodleg\u0142o\u015b\u0107. Link do pobrania <a href=\"https:\/\/dreptu\u015b.pl\/trips\/olkuszspacer-patriotyczny-w-160-rocznice-powstania-styczniowego\">karty gry<\/a>.<\/p>\n<p>Propozycj\u0105 dla rowerzyst\u00f3w jest gra terenowa \u201eOd olkuskich gwark\u00f3w do rabszty\u0144skich rycerzy\u201d. Trasa tworzy p\u0119tl\u0119 o d\u0142ugo\u015bci 14 km i prowadzi z Olkusza do zamku Rabsztyn i z powrotem. Link do pobrania <a href=\"https:\/\/dreptu\u015b.pl\/trips\/olkusz-i-okoliceod-olkuskich-gwarkow-do-rabsztynskich-rycerzy\">karty gry<\/a>.<\/p>\n<p>Poza tym proponujemy kilka gier miejskich o nieco wy\u017cszym poziomie trudno\u015bci opracowanych w ramach <strong>Turystyczno-Rekreacyjnych Imprez na Orientacj\u0119<\/strong> (TRInO). Gra miejska \u201eOlkusz. 720 lat historii miasta\u201d to ciekawa propozycja spaceru po olkuskiej star\u00f3wce po\u0142\u0105czonego z poznawaniem historii miasta. D\u0142ugo\u015b\u0107 trasy 3,6 km. Link do pobrania <a href=\"https:\/\/trino.pttk.pl\/images\/trasy\/k\/1k19.pdf\">karty gry<\/a>.<\/p>\n<p>Kolejna gra miejska \u201eOlkusz. Szlakiem wojen i powsta\u0144\u201d, to propozycja dla mi\u0142o\u015bnik\u00f3w historii. Trasa o d\u0142ugo\u015bci 4,7 km prowadzi po miejscach zwi\u0105zanych z walkami o niepodleg\u0142o\u015b\u0107. Link do pobrania <a href=\"https:\/\/trino.pttk.pl\/images\/trasy\/k\/1k20.pdf\">karty gry<\/a>.<\/p>\n<p>Zapraszamy do ciekawej w\u0119dr\u00f3wki i wsp\u00f3lnej zabawy!<\/p>\t\t\t\t\t\t\t\t<\/div>\n\t\t\t\t<\/div>\n\t\t\t\t<\/div>\n\t\t<div class=\"elementor-element elementor-element-725626ad e-con-full e-flex e-con e-child\" data-id=\"725626ad\" data-element_type=\"container\" data-e-type=\"container\">\n\t\t\t\t<div class=\"elementor-element elementor-element-32f7d48b elementor-widget elementor-widget-image\" data-id=\"32f7d48b\" data-element_type=\"widget\" data-e-type=\"widget\" data-widget_type=\"image.default\">\n\t\t\t\t<div class=\"elementor-widget-container\">\n\t\t\t\t\t\t\t\t\t\t\t\t\t\t\t<img fetchpriority=\"high\" decoding=\"async\" width=\"800\" height=\"600\" src=\"https:\/\/umig.olkusz.pl\/wp-content\/uploads\/2025\/06\/dreptus_kolonie-5-1024x768.jpg\" class=\"attachment-large size-large wp-image-11336\" alt=\"\" srcset=\"https:\/\/umig.olkusz.pl\/wp-content\/uploads\/2025\/06\/dreptus_kolonie-5-1024x768.jpg 1024w, https:\/\/umig.olkusz.pl\/wp-content\/uploads\/2025\/06\/dreptus_kolonie-5-300x225.jpg 300w, https:\/\/umig.olkusz.pl\/wp-content\/uploads\/2025\/06\/dreptus_kolonie-5-768x576.jpg 768w, https:\/\/umig.olkusz.pl\/wp-content\/uploads\/2025\/06\/dreptus_kolonie-5-1536x1152.jpg 1536w, https:\/\/umig.olkusz.pl\/wp-content\/uploads\/2025\/06\/dreptus_kolonie-5-2048x1536.jpg 2048w\" sizes=\"(max-width: 800px) 100vw, 800px\" \/>\t\t\t\t\t\t\t\t\t\t\t\t\t\t\t<\/div>\n\t\t\t\t<\/div>\n\t\t\t\t<\/div>\n\t\t\t\t\t<\/div>\n\t\t\t\t<\/div>\n\t\t\t\t\t<\/div>\n\t\t\t\t<\/div>\n\t\t\t\t<\/div>\n\t\t","protected":false},"excerpt":{"rendered":"<p>Gry miejskie i questy gry miejskie po olkuszu Podczas wizyty w naszym mie\u015bcie warto spr\u00f3bowa\u0107 swoich si\u0142, rozwi\u0105zuj\u0105c gry miejskie, kt\u00f3re s\u0105 dostosowane do r\u00f3\u017cnych grup odbiorc\u00f3w, zar\u00f3wno rodzin z dzie\u0107mi, jak i doros\u0142ych turyst\u00f3w. Spaceruj\u0105c Srebrnym Szlakiem Gwark\u00f3w Olkuskich warto rozwi\u0105za\u0107 ciekawy quest. Karty questu mo\u017cna otrzyma\u0107 w Punkcie Informacji Turystycznej (Rynek 4) lub [&hellip;]<\/p>\n","protected":false},"author":4,"featured_media":0,"parent":0,"menu_order":0,"comment_status":"closed","ping_status":"closed","template":"","meta":{"ngg_post_thumbnail":0,"footnotes":""},"class_list":["post-11294","page","type-page","status-publish","hentry"],"yoast_head":"<!-- This site is optimized with the Yoast SEO plugin v27.2 - https:\/\/yoast.com\/product\/yoast-seo-wordpress\/ -->\n<title>Gry miejskie i questy - Urz\u0105d Miasta i Gminy w Olkuszu<\/title>\n<meta name=\"robots\" content=\"index, follow, max-snippet:-1, max-image-preview:large, max-video-preview:-1\" \/>\n<link rel=\"canonical\" href=\"https:\/\/umig.olkusz.pl\/index.php\/gry-miejskie-i-questy\/\" \/>\n<meta property=\"og:locale\" content=\"pl_PL\" \/>\n<meta property=\"og:type\" content=\"article\" \/>\n<meta property=\"og:title\" content=\"Gry miejskie i questy - Urz\u0105d Miasta i Gminy w Olkuszu\" \/>\n<meta property=\"og:description\" content=\"Gry miejskie i questy gry miejskie po olkuszu Podczas wizyty w naszym mie\u015bcie warto spr\u00f3bowa\u0107 swoich si\u0142, rozwi\u0105zuj\u0105c gry miejskie, kt\u00f3re s\u0105 dostosowane do r\u00f3\u017cnych grup odbiorc\u00f3w, zar\u00f3wno rodzin z dzie\u0107mi, jak i doros\u0142ych turyst\u00f3w. Spaceruj\u0105c Srebrnym Szlakiem Gwark\u00f3w Olkuskich warto rozwi\u0105za\u0107 ciekawy quest. Karty questu mo\u017cna otrzyma\u0107 w Punkcie Informacji Turystycznej (Rynek 4) lub [&hellip;]\" \/>\n<meta property=\"og:url\" content=\"https:\/\/umig.olkusz.pl\/index.php\/gry-miejskie-i-questy\/\" \/>\n<meta property=\"og:site_name\" content=\"Urz\u0105d Miasta i Gminy w Olkuszu\" \/>\n<meta property=\"article:publisher\" content=\"https:\/\/www.facebook.com\/olkuszsrebrnemiasto\" \/>\n<meta property=\"article:modified_time\" content=\"2025-07-15T09:30:21+00:00\" \/>\n<meta property=\"og:image\" content=\"https:\/\/umig.olkusz.pl\/wp-content\/uploads\/2025\/06\/dreptus_kolonie-5-scaled.jpg\" \/>\n\t<meta property=\"og:image:width\" content=\"2560\" \/>\n\t<meta property=\"og:image:height\" content=\"1920\" \/>\n\t<meta property=\"og:image:type\" content=\"image\/jpeg\" \/>\n<meta name=\"twitter:card\" content=\"summary_large_image\" \/>\n<meta name=\"twitter:label1\" content=\"Szacowany czas czytania\" \/>\n\t<meta name=\"twitter:data1\" content=\"2 minuty\" \/>\n<script type=\"application\/ld+json\" class=\"yoast-schema-graph\">{\"@context\":\"https:\/\/schema.org\",\"@graph\":[{\"@type\":\"WebPage\",\"@id\":\"https:\/\/umig.olkusz.pl\/index.php\/gry-miejskie-i-questy\/\",\"url\":\"https:\/\/umig.olkusz.pl\/index.php\/gry-miejskie-i-questy\/\",\"name\":\"Gry miejskie i questy - Urz\u0105d Miasta i Gminy w Olkuszu\",\"isPartOf\":{\"@id\":\"https:\/\/umig.olkusz.pl\/#website\"},\"primaryImageOfPage\":{\"@id\":\"https:\/\/umig.olkusz.pl\/index.php\/gry-miejskie-i-questy\/#primaryimage\"},\"image\":{\"@id\":\"https:\/\/umig.olkusz.pl\/index.php\/gry-miejskie-i-questy\/#primaryimage\"},\"thumbnailUrl\":\"https:\/\/umig.olkusz.pl\/wp-content\/uploads\/2025\/06\/dreptus_kolonie-5-1024x768.jpg\",\"datePublished\":\"2025-06-18T08:00:47+00:00\",\"dateModified\":\"2025-07-15T09:30:21+00:00\",\"breadcrumb\":{\"@id\":\"https:\/\/umig.olkusz.pl\/index.php\/gry-miejskie-i-questy\/#breadcrumb\"},\"inLanguage\":\"pl-PL\",\"potentialAction\":[{\"@type\":\"ReadAction\",\"target\":[\"https:\/\/umig.olkusz.pl\/index.php\/gry-miejskie-i-questy\/\"]}]},{\"@type\":\"ImageObject\",\"inLanguage\":\"pl-PL\",\"@id\":\"https:\/\/umig.olkusz.pl\/index.php\/gry-miejskie-i-questy\/#primaryimage\",\"url\":\"https:\/\/umig.olkusz.pl\/wp-content\/uploads\/2025\/06\/dreptus_kolonie-5-scaled.jpg\",\"contentUrl\":\"https:\/\/umig.olkusz.pl\/wp-content\/uploads\/2025\/06\/dreptus_kolonie-5-scaled.jpg\",\"width\":2560,\"height\":1920},{\"@type\":\"BreadcrumbList\",\"@id\":\"https:\/\/umig.olkusz.pl\/index.php\/gry-miejskie-i-questy\/#breadcrumb\",\"itemListElement\":[{\"@type\":\"ListItem\",\"position\":1,\"name\":\"Strona g\u0142\u00f3wna\",\"item\":\"https:\/\/umig.olkusz.pl\/\"},{\"@type\":\"ListItem\",\"position\":2,\"name\":\"Gry miejskie i questy\"}]},{\"@type\":\"WebSite\",\"@id\":\"https:\/\/umig.olkusz.pl\/#website\",\"url\":\"https:\/\/umig.olkusz.pl\/\",\"name\":\"Urz\u0105d Miasta i Gminy w Olkuszu\",\"description\":\"Urz\u0105d Miasta i Gminy w Olkuszu\",\"publisher\":{\"@id\":\"https:\/\/umig.olkusz.pl\/#organization\"},\"potentialAction\":[{\"@type\":\"SearchAction\",\"target\":{\"@type\":\"EntryPoint\",\"urlTemplate\":\"https:\/\/umig.olkusz.pl\/?s={search_term_string}\"},\"query-input\":{\"@type\":\"PropertyValueSpecification\",\"valueRequired\":true,\"valueName\":\"search_term_string\"}}],\"inLanguage\":\"pl-PL\"},{\"@type\":\"Organization\",\"@id\":\"https:\/\/umig.olkusz.pl\/#organization\",\"name\":\"Urz\u0105d Miasta i Gminy w Olkuszu\",\"url\":\"https:\/\/umig.olkusz.pl\/\",\"logo\":{\"@type\":\"ImageObject\",\"inLanguage\":\"pl-PL\",\"@id\":\"https:\/\/umig.olkusz.pl\/#\/schema\/logo\/image\/\",\"url\":\"https:\/\/umig.olkusz.pl\/wp-content\/uploads\/2023\/03\/herb_strona.jpg\",\"contentUrl\":\"https:\/\/umig.olkusz.pl\/wp-content\/uploads\/2023\/03\/herb_strona.jpg\",\"width\":614,\"height\":658,\"caption\":\"Urz\u0105d Miasta i Gminy w Olkuszu\"},\"image\":{\"@id\":\"https:\/\/umig.olkusz.pl\/#\/schema\/logo\/image\/\"},\"sameAs\":[\"https:\/\/www.facebook.com\/olkuszsrebrnemiasto\"]}]}<\/script>\n<!-- \/ Yoast SEO plugin. -->","yoast_head_json":{"title":"Gry miejskie i questy - Urz\u0105d Miasta i Gminy w Olkuszu","robots":{"index":"index","follow":"follow","max-snippet":"max-snippet:-1","max-image-preview":"max-image-preview:large","max-video-preview":"max-video-preview:-1"},"canonical":"https:\/\/umig.olkusz.pl\/index.php\/gry-miejskie-i-questy\/","og_locale":"pl_PL","og_type":"article","og_title":"Gry miejskie i questy - Urz\u0105d Miasta i Gminy w Olkuszu","og_description":"Gry miejskie i questy gry miejskie po olkuszu Podczas wizyty w naszym mie\u015bcie warto spr\u00f3bowa\u0107 swoich si\u0142, rozwi\u0105zuj\u0105c gry miejskie, kt\u00f3re s\u0105 dostosowane do r\u00f3\u017cnych grup odbiorc\u00f3w, zar\u00f3wno rodzin z dzie\u0107mi, jak i doros\u0142ych turyst\u00f3w. Spaceruj\u0105c Srebrnym Szlakiem Gwark\u00f3w Olkuskich warto rozwi\u0105za\u0107 ciekawy quest. Karty questu mo\u017cna otrzyma\u0107 w Punkcie Informacji Turystycznej (Rynek 4) lub [&hellip;]","og_url":"https:\/\/umig.olkusz.pl\/index.php\/gry-miejskie-i-questy\/","og_site_name":"Urz\u0105d Miasta i Gminy w Olkuszu","article_publisher":"https:\/\/www.facebook.com\/olkuszsrebrnemiasto","article_modified_time":"2025-07-15T09:30:21+00:00","og_image":[{"width":2560,"height":1920,"url":"https:\/\/umig.olkusz.pl\/wp-content\/uploads\/2025\/06\/dreptus_kolonie-5-scaled.jpg","type":"image\/jpeg"}],"twitter_card":"summary_large_image","twitter_misc":{"Szacowany czas czytania":"2 minuty"},"schema":{"@context":"https:\/\/schema.org","@graph":[{"@type":"WebPage","@id":"https:\/\/umig.olkusz.pl\/index.php\/gry-miejskie-i-questy\/","url":"https:\/\/umig.olkusz.pl\/index.php\/gry-miejskie-i-questy\/","name":"Gry miejskie i questy - Urz\u0105d Miasta i Gminy w Olkuszu","isPartOf":{"@id":"https:\/\/umig.olkusz.pl\/#website"},"primaryImageOfPage":{"@id":"https:\/\/umig.olkusz.pl\/index.php\/gry-miejskie-i-questy\/#primaryimage"},"image":{"@id":"https:\/\/umig.olkusz.pl\/index.php\/gry-miejskie-i-questy\/#primaryimage"},"thumbnailUrl":"https:\/\/umig.olkusz.pl\/wp-content\/uploads\/2025\/06\/dreptus_kolonie-5-1024x768.jpg","datePublished":"2025-06-18T08:00:47+00:00","dateModified":"2025-07-15T09:30:21+00:00","breadcrumb":{"@id":"https:\/\/umig.olkusz.pl\/index.php\/gry-miejskie-i-questy\/#breadcrumb"},"inLanguage":"pl-PL","potentialAction":[{"@type":"ReadAction","target":["https:\/\/umig.olkusz.pl\/index.php\/gry-miejskie-i-questy\/"]}]},{"@type":"ImageObject","inLanguage":"pl-PL","@id":"https:\/\/umig.olkusz.pl\/index.php\/gry-miejskie-i-questy\/#primaryimage","url":"https:\/\/umig.olkusz.pl\/wp-content\/uploads\/2025\/06\/dreptus_kolonie-5-scaled.jpg","contentUrl":"https:\/\/umig.olkusz.pl\/wp-content\/uploads\/2025\/06\/dreptus_kolonie-5-scaled.jpg","width":2560,"height":1920},{"@type":"BreadcrumbList","@id":"https:\/\/umig.olkusz.pl\/index.php\/gry-miejskie-i-questy\/#breadcrumb","itemListElement":[{"@type":"ListItem","position":1,"name":"Strona g\u0142\u00f3wna","item":"https:\/\/umig.olkusz.pl\/"},{"@type":"ListItem","position":2,"name":"Gry miejskie i questy"}]},{"@type":"WebSite","@id":"https:\/\/umig.olkusz.pl\/#website","url":"https:\/\/umig.olkusz.pl\/","name":"Urz\u0105d Miasta i Gminy w Olkuszu","description":"Urz\u0105d Miasta i Gminy w Olkuszu","publisher":{"@id":"https:\/\/umig.olkusz.pl\/#organization"},"potentialAction":[{"@type":"SearchAction","target":{"@type":"EntryPoint","urlTemplate":"https:\/\/umig.olkusz.pl\/?s={search_term_string}"},"query-input":{"@type":"PropertyValueSpecification","valueRequired":true,"valueName":"search_term_string"}}],"inLanguage":"pl-PL"},{"@type":"Organization","@id":"https:\/\/umig.olkusz.pl\/#organization","name":"Urz\u0105d Miasta i Gminy w Olkuszu","url":"https:\/\/umig.olkusz.pl\/","logo":{"@type":"ImageObject","inLanguage":"pl-PL","@id":"https:\/\/umig.olkusz.pl\/#\/schema\/logo\/image\/","url":"https:\/\/umig.olkusz.pl\/wp-content\/uploads\/2023\/03\/herb_strona.jpg","contentUrl":"https:\/\/umig.olkusz.pl\/wp-content\/uploads\/2023\/03\/herb_strona.jpg","width":614,"height":658,"caption":"Urz\u0105d Miasta i Gminy w Olkuszu"},"image":{"@id":"https:\/\/umig.olkusz.pl\/#\/schema\/logo\/image\/"},"sameAs":["https:\/\/www.facebook.com\/olkuszsrebrnemiasto"]}]}},"_links":{"self":[{"href":"https:\/\/umig.olkusz.pl\/index.php\/wp-json\/wp\/v2\/pages\/11294","targetHints":{"allow":["GET"]}}],"collection":[{"href":"https:\/\/umig.olkusz.pl\/index.php\/wp-json\/wp\/v2\/pages"}],"about":[{"href":"https:\/\/umig.olkusz.pl\/index.php\/wp-json\/wp\/v2\/types\/page"}],"author":[{"embeddable":true,"href":"https:\/\/umig.olkusz.pl\/index.php\/wp-json\/wp\/v2\/users\/4"}],"replies":[{"embeddable":true,"href":"https:\/\/umig.olkusz.pl\/index.php\/wp-json\/wp\/v2\/comments?post=11294"}],"version-history":[{"count":16,"href":"https:\/\/umig.olkusz.pl\/index.php\/wp-json\/wp\/v2\/pages\/11294\/revisions"}],"predecessor-version":[{"id":11659,"href":"https:\/\/umig.olkusz.pl\/index.php\/wp-json\/wp\/v2\/pages\/11294\/revisions\/11659"}],"wp:attachment":[{"href":"https:\/\/umig.olkusz.pl\/index.php\/wp-json\/wp\/v2\/media?parent=11294"}],"curies":[{"name":"wp","href":"https:\/\/api.w.org\/{rel}","templated":true}]}}